{"id":9414,"date":"2024-05-12T13:23:59","date_gmt":"2024-05-12T16:23:59","guid":{"rendered":"https:\/\/mysupernews.com\/disclaimer\/"},"modified":"2024-05-17T11:22:12","modified_gmt":"2024-05-17T14:22:12","slug":"disclaimer","status":"publish","type":"page","link":"https:\/\/mysupernews.com\/it\/disclaimer\/","title":{"rendered":"Disclaimer"},"content":{"rendered":"\n<!-- Legal document generated by Complianz | GDPR\/CCPA Cookie Consent https:\/\/wordpress.org\/plugins\/complianz-gdpr -->\n<div id=\"cmplz-document\" class=\"cmplz-document disclaimer cmplz-document-all\"><p>Win d&#8217;Oz Consultoria e Inform\u00e1tica Ltda. si impegna a mantenere questo sito aggiornato e accurato. Se dovessi comunque riscontrare qualcosa di incorretto o non aggiornato, ti saremmo grati se potessi farcelo sapere. Sei pregato di indicare in quale zona del sito web hai letto l&#8217;informazione. Lo esamineremo al pi\u00f9 presto. Invia la tua risposta via email a: <span class=\"cmplz-obfuscate\">&#105;&#110;&#102;&#111;@<span class=\"cmplz-fmail-domain\">e&#120;.c&#111;&#109;<\/span>&#109;&#121;sup&#101;&#114;news&#046;&#099;&#111;m<\/span>.<\/p><p>Non siamo responsabili per la perdita a causa di inesattezze o incompletezza, n\u00e9 per la perdita derivante da problemi causati o inerenti alla diffusione di informazioni attraverso Internet, come disservizi o interruzioni. Quando si utilizzano i moduli Web, ci impegniamo a limitare al minimo il numero di campi obbligatori. Per qualsiasi perdita subita a causa dell&#8217;uso di dati, consigli o idee forniti da o per conto di Win d&#8217;Oz Consultoria e Inform\u00e1tica Ltda. tramite questo sito web, Win d&#8217;Oz Consultoria e Inform\u00e1tica Ltda. non si assume alcuna responsabilit\u00e0.<\/p><p>L&#8217;utilizzo del sito Web e di tutti i suoi componenti (inclusi i forum) \u00e8 soggetto alle <a href=\"https:\/\/mysupernews.com\/termos-e-condicoes-de-utilizacao\/\" target=\"_blank\">condizioni d&#8217;uso<\/a>. Il semplice utilizzo di questo sito web implica la conoscenza e l&#8217;accettazione di queste condizioni d&#8217;uso.<\/p><p>Le risposte e le domande sulla privacy inviate via e-mail o utilizzando un modulo web saranno trattate allo stesso modo delle lettere. Ci\u00f2 significa che \u00e8 possibile aspettarsi una risposta da noi entro un periodo di 1 mese al massimo. Nel caso di richieste complesse, ti faremo sapere entro 1 mese se abbiamo bisogno di un massimo di 3 mesi.<\/p><p>Qualsiasi dato personale che ci fornisci nel contesto della tua risposta o richiesta di informazioni verr\u00e0 utilizzato solo in conformit\u00e0 con la nostra dichiarazione sulla privacy.<\/p><p>Win d&#8217;Oz Consultoria e Inform\u00e1tica Ltda. non si assume alcuna responsabilit\u00e0 per il contenuto dei siti Web a cui o da cui viene effettuato un collegamento ipertestuale o un altro riferimento. I prodotti o servizi offerti da terze parti sono soggetti ai termini e alle condizioni applicabili di terze parti.<\/p><p>Tutti i diritti di propriet\u00e0 intellettuale sui contenuti di questo sito Web sono attribuiti a Win d&#8217;Oz Consultoria e Inform\u00e1tica Ltda.<\/p><p>La copia, la diffusione e qualsiasi altro uso di questi materiali non \u00e8 consentita senza il permesso scritto di Win d&#8217;Oz Consultoria e Inform\u00e1tica Ltda., ad eccezione e solo nella misura in cui diversamente previsto dalle norme di legge obbligatoria (come il diritto di citazione), a meno che il contenuto specifico non indichi diversamente.<\/p><p>Se hai domande o problemi con l&#8217;accessibilit\u00e0 del sito web, non esitare a contattarci.<\/p><\/div>","protected":false},"excerpt":{"rendered":"","protected":false},"author":1,"featured_media":0,"parent":0,"menu_order":0,"comment_status":"closed","ping_status":"closed","template":"","meta":{"MSN_Categories":"Uncategorized","MSN_Publish_Option":false,"MSN_Is_Local_News":false,"MSN_Is_AIAC_Included":"Empty","MSN_Location":"[]","MSN_Add_Feature_Img_On_Top_Of_Post":false,"MSN_Has_Custom_Author":false,"MSN_Custom_Author":"","MSN_Has_Custom_Canonical_Url":false,"MSN_Custom_Canonical_Url":"","footnotes":""},"class_list":["post-9414","page","type-page","status-publish","hentry"],"_links":{"self":[{"href":"https:\/\/mysupernews.com\/it\/wp-json\/wp\/v2\/pages\/9414","targetHints":{"allow":["GET"]}}],"collection":[{"href":"https:\/\/mysupernews.com\/it\/wp-json\/wp\/v2\/pages"}],"about":[{"href":"https:\/\/mysupernews.com\/it\/wp-json\/wp\/v2\/types\/page"}],"author":[{"embeddable":true,"href":"https:\/\/mysupernews.com\/it\/wp-json\/wp\/v2\/users\/1"}],"replies":[{"embeddable":true,"href":"https:\/\/mysupernews.com\/it\/wp-json\/wp\/v2\/comments?post=9414"}],"version-history":[{"count":0,"href":"https:\/\/mysupernews.com\/it\/wp-json\/wp\/v2\/pages\/9414\/revisions"}],"wp:attachment":[{"href":"https:\/\/mysupernews.com\/it\/wp-json\/wp\/v2\/media?parent=9414"}],"curies":[{"name":"wp","href":"https:\/\/api.w.org\/{rel}","templated":true}]}}