{"id":9395,"date":"2024-05-12T13:23:59","date_gmt":"2024-05-12T16:23:59","guid":{"rendered":"https:\/\/mysupernews.com\/privacy-statement-ca\/"},"modified":"2024-05-17T11:25:02","modified_gmt":"2024-05-17T14:25:02","slug":"privacy-ca","status":"publish","type":"page","link":"https:\/\/mysupernews.com\/it\/privacy-ca\/","title":{"rendered":"Privacy (CA)"},"content":{"rendered":"\n<!-- Legal document generated by Complianz | GDPR\/CCPA Cookie Consent https:\/\/wordpress.org\/plugins\/complianz-gdpr -->\n<div id=\"cmplz-document\" class=\"cmplz-document privacy-statement cmplz-document-ca\"><p><i>Questa dichiarazione sulla privacy \u00e8 stata modificata l&#8217;ultima volta il 14\/05\/2025, \u00e8 stata controllata l&#8217;ultima volta il 14\/05\/2025, e si applica ai cittadini e ai residenti permanenti legali del Canada.<\/i><br \/><br \/><\/p><p>In questa dichiarazione sulla privacy, spieghiamo cosa facciamo con i tuoi dati che otteniamo tramite <a href=\"https:\/\/mysupernews.com\/it\/\">https:\/\/mysupernews.com\/it\/<\/a>. Ti consigliamo di leggere attentamente questa dichiarazione. Nel nostro trattamento rispettiamo i requisiti della legislazione sulla privacy. Ci\u00f2 significa, tra l&#8217;altro, che:<ul>\n                <li>comunichiamo chiaramente il motivo per il quale processiamo dati personali. Facciamo questo per mezzo di questa dichiarazione sulla privacy;<\/li>\n                <li>miriamo a limitare la raccolta di dati personali solo ai dati personali richiesti per scopi legittimi;<\/li>\n                <li>prima chiediamo il tuo esplicito consenso per processare i tuoi dati personali nei casi che richiedono il tuo consenso;<\/li>\n                <li>adottiamo misure di sicurezza appropriate per proteggere i tuoi dati personali e lo richiediamo anche da parti che elaborano dati personali per nostro conto;<\/li>\n                <li>rispettiamo il tuo diritto di accesso ai tuoi dati personali o di averli corretti o cancellati, su tua richiesta.<\/li>\n            <\/ul><\/p>Se hai domande o vuoi sapere esattamente quali dati conserviamo, contattaci.<h2>1. Scopo e categoria del dato<\/h2><p>Possiamo raccogliere o ricevere informazioni personali per una serie di scopi legati alle nostre operazioni commerciali che possono includere quanto segue: (clicca per espandere)<\/b><\/p><details class=\"cmplz-dropdown dropdown-privacy-statement\"><summary><div><h3>1.1 Compilazione ed analisi di statistiche per migliore il sito.<\/h3><\/div><\/summary><p class=\"cmplz-subtitle\">Vengono raccolti le seguenti categorie di dati<\/p><p><ul><li>Dati geolocalizzazione<\/li><\/ul><\/p><p class=\"cmplz-subtitle\">Periodo di conservazione<\/p><p>Conserviamo questi dati al termine del servizio per il seguente numero di mesi: 6<\/p><\/details><h2>2. Pratiche di divulgazione<\/h2><p><p>Comunichiamo informazioni personali se ci viene richiesto dalla legge o da un ordine del tribunale, in risposta a un&#8217;autorit\u00e0 incaricata dell&#8217;applicazione della legge, nella misura consentita da altre disposizioni di legge, per fornire informazioni o per un&#8217;indagine su una questione relativa alla sicurezza pubblica.<\/p><p>Se il nostro sito Web o organizzazione viene rilevato, venduto o coinvolto in una fusione o acquisizione, i tuoi dati potrebbero essere divulgati ai nostri consulenti e a eventuali potenziali acquirenti e saranno trasmessi ai nuovi proprietari.<\/p><\/p><h2>3. Come rispondiamo ai segnali Non Tracciarmi e Global Privacy Control <\/h2><p>Il nostro sito Web non risponde e non supporta il campo richiesta header Non Tracciarmi (DNT).<\/p><h2>4. Cookie<\/h2><p>Il nostro sito web utilizza i cookie. Per ulteriori informazioni sui cookie, fare riferimento alla nostra Cookie Policy sulla nostra pagina web <a href=\"https:\/\/mysupernews.com\/it\/gestisci-cookies-ca\/\">Gestisci Cookies (CA)<\/a>.&nbsp;<\/p><p>Abbiamo concluso un accordo di elaborazione dei dati con Google.<\/p><p>Google non pu\u00f2 utilizzare i dati per altri servizi di Google.<\/p><p>L&#8217;inclusione di indirizzi IP interi \u00e8 bloccato da noi.<\/p><h2>5. Sicurezza<\/h2><p>Ci impegniamo per la sicurezza dei dati personali. Prendiamo adeguate misure di sicurezza per limitare l&#8217;abuso e l&#8217;accesso non autorizzato ai dati personali. Ci\u00f2 garantisce che solo le persone necessarie abbiano accesso ai tuoi dati, che l&#8217;accesso ai dati sia protetto e che le nostre misure di sicurezza vengano regolarmente riviste.<\/p><h2>6. Sito web terze parti<\/h2><p>Questa dichiarazione sulla privacy non si applica ai siti web di terzi collegati tramite link sul nostro sito web. Non possiamo garantire che queste terze parti gestiscano i tuoi dati personali in modo affidabile o sicuro. Si consiglia di leggere le informative sulla privacy di questi siti web prima di utilizzare questi siti web.<\/p><h2>7. Ammende riguardo questa dichiarazione della privacy<\/h2><p>Ci riserviamo il diritto di apportare modifiche alla presente dichiarazione sulla privacy. Si raccomanda di consultare regolarmente questa dichiarazione sulla privacy per essere a conoscenza di eventuali modifiche. Inoltre, ti informeremo attivamente laddove possibile.<\/p><h2>8. Accesso e modifica dei tuoi dati<\/h2><p>Se hai domande o vuoi sapere quali dati personali abbiamo di te, ti preghiamo di contattarci. Assicurati di indicare sempre chiaramente chi sei, in modo che possiamo essere certi di non modificare o eliminare i dati della persona sbagliata. Forniremo le informazioni richieste solo al ricevimento di una richiesta verificabile da parte del consumatore. Puoi contattarci utilizzando le informazioni di seguito.<\/p><p class=\"cmplz-subtitle\">8.1 Hai i seguenti diritti relativi ai tuoi dati personali<\/p><ol class=\"alphabetic\">\n                        <li>Puoi inviare una richiesta di accesso ai tuoi dati che elaboriamo.<\/li>\n                        <li>Puoi richiedere una panoramica, in un formato comunemente usato, dei tuoi dati che elaboriamo.<\/li>\n                        <li>\u00c8 possibile richiedere la correzione o la cancellazione dei dati se errati non pi\u00f9 pertinenti. Se del caso, le informazioni modificate sono trasmesse a terzi che hanno accesso alle informazioni in questione.<\/li>\n                        <li>Hai il diritto di revocare il consenso in qualsiasi momento, soggetti a restrizioni legali o contrattuali e preavviso ragionevole. Sarai informato delle implicazioni di tale ritiro.<\/li>\n                        <li>Hai il diritto di presentare una sfida relativa alla non conformit\u00e0 con PIPEDA alla nostra organizzazione e, se il problema non viene risolto, all&#8217;Ufficio del Commissario per la Privacy del Canada.<\/li>\n                        <li>Daremo accesso alle informazioni personali in un formato alternativo a una persona con disabilit\u00e0 sensoriale che ha il diritto di accedere alle informazioni personali ai sensi del PIPEDA e che richiede che vengano trasmesse nel formato alternativo se (a) una versione delle informazioni esiste in quel formato; oppure (b) la sua conversione in tale formato \u00e8 ragionevole e necessaria affinch\u00e9 la persona sia in grado di esercitare i diritti.<\/li>\n                      <\/ol><h2>9. Bambino<\/h2><p>Il nostro sito Web non \u00e8 progettato per attirare i bambini e non \u00e8 nostra intenzione raccogliere dati personali da minori di et\u00e0 inferiore al consenso nel loro paese di residenza. Pertanto chiediamo che i minori di et\u00e0 inferiore al consenso non ci inviino alcun dato personale.<\/p><h2>10. Dettagli contatti<\/h2><p>Win d&#8217;Oz Consultoria e Inform\u00e1tica Ltda.<br \/>\n        Avenida Bar\u00e3o do Rio Branco, 2679<br \/>\n36.010-908<br \/>\nJuiz de Fora\/MG<br \/>\n        Brasile<br \/>\n        Sito web: <a href=\"https:\/\/mysupernews.com\/it\/\">https:\/\/mysupernews.com\/it\/<\/a> <br \/>\n        Email: <span class=\"cmplz-obfuscate\">inf&#111;@<span class=\"cmplz-fmail-domain\">ex.co&#109;<\/span>&#109;&#121;&#115;u&#112;e&#114;news&#046;&#099;om<\/span> <br \/>\n        <br \/>\n        <\/p><h2>11. Richiesta Dati<\/h2><p>Per le richieste pi\u00f9 frequenti offriamo la possibilit\u00e0 di usare il nostro modulo di richiesta dati<br \/>\t\t\t<div class=\"cmplz-datarequest cmplz-alert\">\n\t\t\t\t<span class=\"cmplz-close\">&times;<\/span>\n\t\t\t\t<span id=\"cmplz-message\"><\/span>\n\t\t\t<\/div>\n\t\t\t<form id=\"cmplz-datarequest-form\">\n\t\t\t\t<input type=\"hidden\" required value=\"ca\" name=\"cmplz_datarequest_region\" id=\"cmplz_datarequest_region\" >\n\n\t\t\t\t<label for=\"cmplz_datarequest_firstname\" class=\"cmplz-first-name\">Nome\t\t\t\t\t<input type=\"search\" class=\"datarequest-firstname\" value=\"\" placeholder=\"your first name\" id=\"cmplz_datarequest_firstname\" name=\"cmplz_datarequest_firstname\" >\n\t\t\t\t<\/label>\n\t\t\t\t<div>\n\t\t\t\t\t<label for=\"cmplz_datarequest_name\">Nome<\/label>\n\t\t\t\t\t<input type=\"text\" required value=\"\" placeholder=\"Il tuo nome\" id=\"cmplz_datarequest_name\" name=\"cmplz_datarequest_name\">\n\t\t\t\t<\/div>\n\t\t\t\t<div>\n\t\t\t\t\t<label for=\"cmplz_datarequest_email\">Email<\/label>\n\t\t\t\t\t<input type=\"email\" required value=\"\" placeholder=\"email@email.com\" id=\"cmplz_datarequest_email\" name=\"cmplz_datarequest_email\">\n\t\t\t\t<\/div>\n\t\t\t\t\t\t\t\t\t\t<div class=\"cmplz_datarequest cmplz_datarequest_request_for_access\">\n\t\t\t\t\t\t\t<label for=\"cmplz_datarequest_request_for_access\">\n\t\t\t\t\t\t\t\t<input type=\"checkbox\" value=\"1\" name=\"cmplz_datarequest_request_for_access\" id=\"cmplz_datarequest_request_for_access\"\/>\n\t\t\t\t\t\t\t\tInvia una richiesta per accedere ai tuoi dati che trattiamo.\t\t\t\t\t\t\t<\/label>\n\t\t\t\t\t\t<\/div>\n\t\t\t\t\t\t\t\t\t\t<div class=\"cmplz_datarequest cmplz_datarequest_right_to_be_forgotten\">\n\t\t\t\t\t\t\t<label for=\"cmplz_datarequest_right_to_be_forgotten\">\n\t\t\t\t\t\t\t\t<input type=\"checkbox\" value=\"1\" name=\"cmplz_datarequest_right_to_be_forgotten\" id=\"cmplz_datarequest_right_to_be_forgotten\"\/>\n\t\t\t\t\t\t\t\tInvia una richiesta per la cancellazione di dati se non pi\u00f9 rilevanti.\t\t\t\t\t\t\t<\/label>\n\t\t\t\t\t\t<\/div>\n\t\t\t\t\t\t\t\t\t\t<div class=\"cmplz_datarequest cmplz_datarequest_right_to_data_portability\">\n\t\t\t\t\t\t\t<label for=\"cmplz_datarequest_right_to_data_portability\">\n\t\t\t\t\t\t\t\t<input type=\"checkbox\" value=\"1\" name=\"cmplz_datarequest_right_to_data_portability\" id=\"cmplz_datarequest_right_to_data_portability\"\/>\n\t\t\t\t\t\t\t\tInvia una richiesta per ricevere un file da esportazione dei tuoi dati che trattiamo.\t\t\t\t\t\t\t<\/label>\n\t\t\t\t\t\t<\/div>\n\t\t\t\t\t\t\t\t<input type=\"button\" id=\"cmplz-datarequest-submit\"  value=\"Invia\">\n\t\t\t<\/form>\n\n\t\t\t<style>\n\t\t\t\t\/* first-name is honeypot *\/\n\t\t\t\t.cmplz-first-name {\n\t\t\t\t\tposition: absolute !important;\n\t\t\t\t\tleft: -5000px !important;\n\t\t\t\t}\n\t\t\t<\/style>\n\t\t\t<\/p><p>Abbiamo nominato un referente per le politiche e le pratiche dell&#8217;organizzazione e al quale possono essere inoltrati reclami o richieste:<br \/>Win d&#8217;Oz Inform\u00e1tica Ltda.<br \/>info@mysupernews.com<\/p><h2>Annesso<\/h2><p><h3>WPML<\/h3>\r\nWPML uses cookies to identify the visitor\u2019s current language, the last visited language and the language of users who have logged in.\r\n\r\nWhile you use the plugin, WPML will share data regarding the site through Installer. No data from the user itself will be shared.\r\n<h3>WPML Media Translation<\/h3>\r\nWPML Media Translation will send the email address and name of each manager and assigned translator as well as the content itself to Advanced Translation Editor and to the translation services which are used.\r\n<h3>WPML Translation Management<\/h3>\r\nWPML Translation Management will send the email address and name of each manager and assigned translator as well as the content itself to Advanced Translation Editor and to the translation services which are used.\r\n<h3>WPML String Translation<\/h3>\r\nWPML String Translation will send all strings to WPML\u2019s Advanced Translation Editor and to the translation services which are used.\r\n<h3>Burst Statistics<\/h3>\r\nThis website uses Burst Statistics, a Privacy-Friendly Statistics Tool to analyze visitor behavior. For this functionality we (this website) collect anonymized data, stored locally without sharing it with other parties. For more information, please read the <a href=\"https:\/\/burst-statistics.com\/legal\/privacy-statement\/\" target=\"_blank\" rel=\"noopener\"> Privacy Statement <\/a> from Burst.\r\n<h3>Really Simple SSL<\/h3>\r\nReally Simple SSL and Really Simple SSL add-ons do not process any personal identifiable information, so the GDPR does not apply to these plugins or usage of these plugins on your website. You can find our privacy policy <a href=\"https:\/\/really-simple-ssl.com\/privacy-statement\/\" target=\"_blank\" rel=\"noopener\">here<\/a>.\r\n<h3>Complianz | The Privacy Suite for WordPress<\/h3>\r\nThis website uses the Privacy Suite for WordPress from Complianz to collect records of consent.\u00a0For this functionality your IP address is anonymized and stored in our database.\u00a0For more information, see the Complianz <a href=\"https:\/\/complianz.io\/privacy-statement\/\" target=\"_blank\" rel=\"noopener\">Privacy Statement<\/a>.\r\n<h3>Complianz | The Privacy Suite for WordPress<\/h3>\r\nThis website uses the Privacy Suite for WordPress from Complianz to collect records of consent.\u00a0For this functionality your IP address is anonymized and stored in our database.\u00a0For more information, see the Complianz <a href=\"https:\/\/complianz.io\/privacy-statement\/\" target=\"_blank\" rel=\"noopener\">Privacy Statement<\/a>.\r\n<h3>Really Simple SSL<\/h3>\r\nReally Simple SSL and Really Simple SSL add-ons do not process any personal identifiable information, so the GDPR does not apply to these plugins or usage of these plugins on your website. You can find our privacy policy <a href=\"https:\/\/really-simple-ssl.com\/privacy-statement\/\" target=\"_blank\" rel=\"noopener\">here<\/a>.\r\n<h3>Burst Statistics<\/h3>\r\nThis website uses Burst Statistics, a Privacy-Friendly Statistics Tool to analyze visitor behavior. For this functionality we (this website) collect anonymized data, stored locally without sharing it with other parties. For more information, please read the <a href=\"https:\/\/burst-statistics.com\/legal\/privacy-statement\/\" target=\"_blank\" rel=\"noopener\"> Privacy Statement <\/a> from Burst.\r\n<h3>WPML Translation Management<\/h3>\r\nWPML Translation Management will send the email address and name of each manager and assigned translator as well as the content itself to Advanced Translation Editor and to the translation services which are used.\r\n<h3>WPML Media Translation<\/h3>\r\nWPML Media Translation will send the email address and name of each manager and assigned translator as well as the content itself to Advanced Translation Editor and to the translation services which are used.\r\n<h3>WPML<\/h3>\r\nWPML uses cookies to identify the visitor\u2019s current language, the last visited language and the language of users who have logged in.\r\n\r\nWhile you use the plugin, WPML will share data regarding the site through Installer. No data from the user itself will be shared.\r\n<h3>WPML String Translation<\/h3>\r\nWPML String Translation will send all strings to WPML\u2019s Advanced Translation Editor and to the translation services which are used.\r\n<h3>Complianz | The Privacy Suite for WordPress<\/h3>\r\nThis website uses the Privacy Suite for WordPress from Complianz to collect records of consent.\u00a0For this functionality your IP address is anonymized and stored in our database.\u00a0For more information, see the Complianz <a href=\"https:\/\/complianz.io\/privacy-statement\/\" target=\"_blank\" rel=\"noopener\">Privacy Statement<\/a>.<\/p><\/div>","protected":false},"excerpt":{"rendered":"","protected":false},"author":1,"featured_media":0,"parent":0,"menu_order":0,"comment_status":"closed","ping_status":"closed","template":"","meta":{"MSN_Categories":"Uncategorized","MSN_Publish_Option":false,"MSN_Is_Local_News":false,"MSN_Is_AIAC_Included":"Empty","MSN_Location":"[]","MSN_Add_Feature_Img_On_Top_Of_Post":false,"MSN_Has_Custom_Author":false,"MSN_Custom_Author":"","MSN_Has_Custom_Canonical_Url":false,"MSN_Custom_Canonical_Url":"","footnotes":""},"class_list":["post-9395","page","type-page","status-publish","hentry"],"_links":{"self":[{"href":"https:\/\/mysupernews.com\/it\/wp-json\/wp\/v2\/pages\/9395","targetHints":{"allow":["GET"]}}],"collection":[{"href":"https:\/\/mysupernews.com\/it\/wp-json\/wp\/v2\/pages"}],"about":[{"href":"https:\/\/mysupernews.com\/it\/wp-json\/wp\/v2\/types\/page"}],"author":[{"embeddable":true,"href":"https:\/\/mysupernews.com\/it\/wp-json\/wp\/v2\/users\/1"}],"replies":[{"embeddable":true,"href":"https:\/\/mysupernews.com\/it\/wp-json\/wp\/v2\/comments?post=9395"}],"version-history":[{"count":0,"href":"https:\/\/mysupernews.com\/it\/wp-json\/wp\/v2\/pages\/9395\/revisions"}],"wp:attachment":[{"href":"https:\/\/mysupernews.com\/it\/wp-json\/wp\/v2\/media?parent=9395"}],"curies":[{"name":"wp","href":"https:\/\/api.w.org\/{rel}","templated":true}]}}