{"id":3854,"date":"2019-01-14T14:31:22","date_gmt":"2019-01-14T16:31:22","guid":{"rendered":"https:\/\/mysupernews.com\/?page_id=3854"},"modified":"2024-05-16T15:35:57","modified_gmt":"2024-05-16T18:35:57","slug":"chi-siamo","status":"publish","type":"page","link":"https:\/\/mysupernews.com\/it\/chi-siamo\/","title":{"rendered":"Chi siamo"},"content":{"rendered":"<div class=\"wpb-content-wrapper\">[vc_row][vc_column width=&#8221;2\/3&#8243;][vc_row_inner][vc_column_inner width=&#8221;1\/2&#8243;]\t<div id=\"thb-image-69ea28bf46ddf\" class=\"caption-style1  aligncenter   thb_image_link wp-caption\">\n\t\t\t<div class=\"thb-image-inner size_100\">\n\t\t\t<img loading=\"lazy\" decoding=\"async\" width=\"300\" height=\"300\" src=\"https:\/\/mysupernews.com\/wp-content\/uploads\/2023\/03\/MSN_My_Super_News_Logo_black_rond-1-300x300.png\" class=\"thb_image   attachment-medium\" alt=\"\" title=\"MSN _My_Super_News_Logo_black_rond\" srcset=\"https:\/\/mysupernews.com\/wp-content\/uploads\/2023\/03\/MSN_My_Super_News_Logo_black_rond-1-300x300.png 300w, https:\/\/mysupernews.com\/wp-content\/uploads\/2023\/03\/MSN_My_Super_News_Logo_black_rond-1-150x150.png 150w, https:\/\/mysupernews.com\/wp-content\/uploads\/2023\/03\/MSN_My_Super_News_Logo_black_rond-1-180x180.png 180w, https:\/\/mysupernews.com\/wp-content\/uploads\/2023\/03\/MSN_My_Super_News_Logo_black_rond-1-90x90.png 90w, https:\/\/mysupernews.com\/wp-content\/uploads\/2023\/03\/MSN_My_Super_News_Logo_black_rond-1-20x20.png 20w, https:\/\/mysupernews.com\/wp-content\/uploads\/2023\/03\/MSN_My_Super_News_Logo_black_rond-1-48x48.png 48w\" sizes=\"auto, (max-width: 300px) 100vw, 300px\" \/>\t\t<\/div>\n\t\t\t\t\t<\/div>\n\t[vc_column_text]\n<h5><strong>Tutta la vita \u00e8 una questione tra te e te stesso!<\/strong><\/h5>\n[\/vc_column_text][vc_column_text]\n<h5><strong>Come decidi di vivere la tua vita fa la differenza.<\/strong><\/h5>\n[\/vc_column_text][\/vc_column_inner][vc_column_inner width=&#8221;1\/2&#8243;][vc_column_text]\n<h4><strong>Siamo qui per:<\/strong><\/h4>\n[\/vc_column_text]\t<div class=\"thb-iconlist \" id=\"thb-iconlist-69ea28bf476c1\">\n\t\t<ul>\n\t\t\t\t\t\t\t<li class=\"thb-iconlist-li \">\n\t\t\t\t\t<i class=\"fas fa-long-arrow-alt-right\"><\/i>\n\t\t\t\tIntrattenervi.\t\t\t\t<\/li>\n\t\t\t\t\t\t\t<li class=\"thb-iconlist-li \">\n\t\t\t\t\t<i class=\"fas fa-long-arrow-alt-right\"><\/i>\n\t\t\t\tIspirare una crescita personale.\t\t\t\t<\/li>\n\t\t\t\t\t\t\t<li class=\"thb-iconlist-li \">\n\t\t\t\t\t<i class=\"fas fa-long-arrow-alt-right\"><\/i>\n\t\t\t\tServire chi \u00e8 pronto ad accogliere good vibes.\t\t\t\t<\/li>\n\t\t\t\t\t\t\t<li class=\"thb-iconlist-li \">\n\t\t\t\t\t<i class=\"fas fa-long-arrow-alt-right\"><\/i>\n\t\t\t\tParlare di uno stile di vita sano.\t\t\t\t<\/li>\n\t\t\t\t\t\t\t<li class=\"thb-iconlist-li \">\n\t\t\t\t\t<i class=\"fas fa-long-arrow-alt-right\"><\/i>\n\t\t\t\tSuggerirvi nuovi modi per sfruttare il tempo.\t\t\t\t<\/li>\n\t\t\t\t\t\t\t<li class=\"thb-iconlist-li \">\n\t\t\t\t\t<i class=\"fas fa-long-arrow-alt-right\"><\/i>\n\t\t\t\tCondividere cosa \u00e8 pi\u00f9 buono da mangiare.\t\t\t\t<\/li>\n\t\t\t\t\t\t\t<li class=\"thb-iconlist-li \">\n\t\t\t\t\t<i class=\"fas fa-long-arrow-alt-right\"><\/i>\n\t\t\t\tAiutarvi a creare una \u00abmens sana in corpore sano\u00bb.\t\t\t\t<\/li>\n\t\t\t\t\t\t\t<li class=\"thb-iconlist-li \">\n\t\t\t\t\t<i class=\"fas fa-long-arrow-alt-right\"><\/i>\n\t\t\t\tForse insegnarvi qualcosa di utile.\t\t\t\t<\/li>\n\t\t\t\t\t\t\t<li class=\"thb-iconlist-li \">\n\t\t\t\t\t<i class=\"fas fa-long-arrow-alt-right\"><\/i>\n\t\t\t\tPromuovere l\u2019amore universale.\t\t\t\t<\/li>\n\t\t\t\t\t\t\t<li class=\"thb-iconlist-li \">\n\t\t\t\t\t<i class=\"fas fa-long-arrow-alt-right\"><\/i>\n\t\t\t\tAvvicinarci allo Spirito.\t\t\t\t<\/li>\n\t\t\t\t\t<\/ul>\n\t\t<style>\n\t\t\t\t\t\t\t\t<\/style>\n\t<\/div>\n\t[\/vc_column_inner][\/vc_row_inner][vc_empty_space height=&#8221;52px&#8221;][vc_empty_space height=&#8221;52px&#8221;]\t<div class=\"thb_title  style6  text-center\" id=\"thb-title-69ea28bf477af\">\n\t<div class=\"thb_title_inner\">\n\t\t\t\t\t\t<h2>Cos\u2019\u00e8 My Super News?<\/h2>\n\t\t\t\t\t<\/div>\n\t\t\t<\/div>\n\t[vc_column_text]\n<p class=\"p2\"><span class=\"s1\">My Super News \u00e8 qui per intrattenervi con contenuti positivi, semplici ed utili che ispirino la crescita personale.<\/span><\/p>\n<p class=\"p2\"><span class=\"s1\">Vogliamo servire coloro che vivono velocemente e amano pi\u00f9 a lungo, coloro che sono sempre pronti ad accogliere nuove good vibes.<\/span><\/p>\n<p class=\"p2\"><span class=\"s1\">Sappiamo quanto il tempo \u00e8 importante, siamo sempre pronti a suggerire nuovi modi per usarlo al meglio.<\/span><\/p>\n[\/vc_column_text][vc_empty_space height=&#8221;52px&#8221;]\t<div class=\"thb_title  style6  text-center\" id=\"thb-title-69ea28bf4780c\">\n\t<div class=\"thb_title_inner\">\n\t\t\t\t\t\t<h2>Positivo, Semplice ed Utile<\/h2>\n\t\t\t\t\t<\/div>\n\t\t\t<\/div>\n\t[vc_column_text]\n<p class=\"p2\"><span class=\"s1\">Tutta la vita \u00e8 una questione tra te e te stesso! Come decidi di vivere la tua vita fa la differenza.<span class=\"Apple-converted-space\"> <\/span><\/span><\/p>\n<p class=\"p2\"><span class=\"s1\">Amiamo parlare di un buono stile di vita, di cibo sano, di miglioramento consapevole, di curiosit\u00e0, spiritualit\u00e0, nuove scoperte e di tutto ci\u00f2 che pu\u00f2 ispirare a vivere una vita migliore.<\/span><\/p>\n<p class=\"p2\"><span class=\"s1\">Vi serviremo con contenuti sicuri e di alta qualit\u00e0, scritti e pensati da editor professionisti che collaborano con noi da tutto il mondo.<\/span><\/p>\n[\/vc_column_text][vc_empty_space height=&#8221;52px&#8221;][vc_single_image image=&#8221;8819&#8243; img_size=&#8221;full&#8221; alignment=&#8221;center&#8221;][vc_empty_space height=&#8221;52px&#8221;]\t<div class=\"thb_title  style6  text-center\" id=\"thb-title-69ea28bf47860\">\n\t<div class=\"thb_title_inner\">\n\t\t\t\t\t\t<h2>La Nostra Squadra<\/h2>\n\t\t\t\t\t<\/div>\n\t\t\t<\/div>\n\t[vc_widget_sidebar sidebar_id=&#8221;custom_widgets&#8221;][\/vc_column][vc_column width=&#8221;1\/3&#8243;][vc_widget_sidebar sidebar_id=&#8221;page&#8221;][\/vc_column][\/vc_row][vc_row][vc_column width=&#8221;2\/3&#8243;][vc_empty_space height=&#8221;52px&#8221;]\t<div class=\"thb_title  style6  text-center\" id=\"thb-title-69ea28bf478b1\">\n\t<div class=\"thb_title_inner\">\n\t\t\t\t\t\t<h2>Dove siamo<\/h2>\n\t\t\t\t\t<\/div>\n\t\t\t<\/div>\n\t[vc_column_text]\n<p class=\"p6\" style=\"text-align: left;\"><span class=\"s1\">Win d\u2019Oz Inform\u00e1tica Ltda.<\/span><span class=\"s1\"><span class=\"Apple-converted-space\"><br \/>\n<\/span><\/span><span class=\"s1\">Juiz de Fora &#8211; Minas Gerais &#8211; Brasile<br \/>\n\ud83c\udde7\ud83c\uddf7<\/span><\/p>\n<p class=\"p2\" style=\"text-align: left;\"><span class=\"s1\"><br \/>\nPer qualsiasi domanda o richiesta di collabroazione, suggerimenti o aiuto contattaci tramite il link sottostante.<\/span><\/p>\n<p class=\"p1\" style=\"text-align: left;\"><a href=\"mailto:%20info@mysupernews.com\"><span class=\"s1\">[Scrivici]<\/span><\/a><\/p>\n[\/vc_column_text][\/vc_column][vc_column width=&#8221;1\/3&#8243;][\/vc_column][\/vc_row][vc_row][vc_column][vc_empty_space][vc_empty_space]\t<div class=\"thb_title  style6  text-center\" id=\"thb-title-69ea28bf47900\">\n\t<div class=\"thb_title_inner\">\n\t\t\t\t\t\t<h2>PARTNERS<\/h2>\n\t\t\t\t\t<\/div>\n\t\t\t<\/div>\n\t[\/vc_column][\/vc_row][vc_row][vc_column width=&#8221;1\/4&#8243;]\t<div id=\"thb-image-69ea28bf47963\" class=\"caption-style1  aligncenter   thb_image_link wp-caption\">\n\t\t\t<a class=\"\" href=\"https:\/\/confidentielles.com\/\" target=\"_blank\" title=\"Confidentielles\" data-thb-group=\"\">\n\t\t\t<div class=\"thb-image-inner size_100\">\n\t\t\t<img loading=\"lazy\" decoding=\"async\" width=\"150\" height=\"150\" src=\"https:\/\/mysupernews.com\/wp-content\/uploads\/2023\/04\/avatar_confidentielles-1-150x150.png\" class=\"thb_image   attachment-thumbnail\" alt=\"\" title=\"avatar_confidentielles\" \/>\t\t<\/div>\n\t\t\t<\/a>\n\t\t\t\t\t<\/div>\n\t[\/vc_column][vc_column width=&#8221;1\/4&#8243;]\t<div id=\"thb-image-69ea28bf480ff\" class=\"caption-style1  aligncenter   thb_image_link wp-caption\">\n\t\t\t<a class=\"\" href=\"https:\/\/www.facebook.com\/theCatSocietyOfficial\/\" target=\"_blank\" title=\"The Cat Society - English\" data-thb-group=\"\">\n\t\t\t<div class=\"thb-image-inner size_100\">\n\t\t\t<img loading=\"lazy\" decoding=\"async\" width=\"150\" height=\"150\" src=\"https:\/\/mysupernews.com\/wp-content\/uploads\/2023\/04\/Avatar_TheCatSociety-1-150x150.png\" class=\"thb_image   attachment-thumbnail\" alt=\"\" title=\"Avatar_TheCatSociety\" srcset=\"https:\/\/mysupernews.com\/wp-content\/uploads\/2023\/04\/Avatar_TheCatSociety-1-150x150.png 150w, https:\/\/mysupernews.com\/wp-content\/uploads\/2023\/04\/Avatar_TheCatSociety-1-90x90.png 90w, https:\/\/mysupernews.com\/wp-content\/uploads\/2023\/04\/Avatar_TheCatSociety-1-20x20.png 20w, https:\/\/mysupernews.com\/wp-content\/uploads\/2023\/04\/Avatar_TheCatSociety-1-48x48.png 48w\" sizes=\"auto, (max-width: 150px) 100vw, 150px\" \/>\t\t<\/div>\n\t\t\t<\/a>\n\t\t\t\t\t<\/div>\n\t[\/vc_column][vc_column width=&#8221;1\/4&#8243;]\t<div id=\"thb-image-69ea28bf487b0\" class=\"caption-style1  aligncenter   thb_image_link wp-caption\">\n\t\t\t<a class=\"\" href=\"https:\/\/www.facebook.com\/TheDiscoveristOfficial\/\" target=\"_blank\" title=\"Tha Discoverist - English\" data-thb-group=\"\">\n\t\t\t<div class=\"thb-image-inner size_100\">\n\t\t\t<img loading=\"lazy\" decoding=\"async\" width=\"150\" height=\"150\" src=\"https:\/\/mysupernews.com\/wp-content\/uploads\/2023\/04\/Avatar_TheDiscoverist_v3-150x150.png\" class=\"thb_image   attachment-thumbnail\" alt=\"\" title=\"Avatar_TheDiscoverist_v3\" srcset=\"https:\/\/mysupernews.com\/wp-content\/uploads\/2023\/04\/Avatar_TheDiscoverist_v3-150x150.png 150w, https:\/\/mysupernews.com\/wp-content\/uploads\/2023\/04\/Avatar_TheDiscoverist_v3-90x90.png 90w, https:\/\/mysupernews.com\/wp-content\/uploads\/2023\/04\/Avatar_TheDiscoverist_v3-20x20.png 20w, https:\/\/mysupernews.com\/wp-content\/uploads\/2023\/04\/Avatar_TheDiscoverist_v3-48x48.png 48w\" sizes=\"auto, (max-width: 150px) 100vw, 150px\" \/>\t\t<\/div>\n\t\t\t<\/a>\n\t\t\t\t\t<\/div>\n\t[\/vc_column][vc_column width=&#8221;1\/4&#8243;]\t<div id=\"thb-image-69ea28bf48e7a\" class=\"caption-style1  aligncenter   thb_image_link wp-caption\">\n\t\t\t<a class=\"\" href=\"https:\/\/www.facebook.com\/JunggleDonna\/\" target=\"_blank\" title=\"Junggle Donna\" data-thb-group=\"\">\n\t\t\t<div class=\"thb-image-inner size_100\">\n\t\t\t<img loading=\"lazy\" decoding=\"async\" width=\"150\" height=\"150\" src=\"https:\/\/mysupernews.com\/wp-content\/uploads\/2023\/04\/Avatar_GoJunggle_v2-150x150.png\" class=\"thb_image   attachment-thumbnail\" alt=\"\" title=\"Avatar_GoJunggle_v2\" srcset=\"https:\/\/mysupernews.com\/wp-content\/uploads\/2023\/04\/Avatar_GoJunggle_v2-150x150.png 150w, https:\/\/mysupernews.com\/wp-content\/uploads\/2023\/04\/Avatar_GoJunggle_v2-90x90.png 90w, https:\/\/mysupernews.com\/wp-content\/uploads\/2023\/04\/Avatar_GoJunggle_v2-20x20.png 20w, https:\/\/mysupernews.com\/wp-content\/uploads\/2023\/04\/Avatar_GoJunggle_v2-48x48.png 48w\" sizes=\"auto, (max-width: 150px) 100vw, 150px\" \/>\t\t<\/div>\n\t\t\t<\/a>\n\t\t\t\t\t<\/div>\n\t[\/vc_column][\/vc_row]\n<\/div>","protected":false},"excerpt":{"rendered":"<p>[vc_row][vc_column width=&#8221;2\/3&#8243;][vc_row_inner][vc_column_inner width=&#8221;1\/2&#8243;][vc_column_text] Tutta la vita \u00e8 una questione tra te e te stesso! [\/vc_column_text][vc_column_text] Come decidi di vivere la tua vita fa la differenza. [\/vc_column_text][\/vc_column_inner][vc_column_inner width=&#8221;1\/2&#8243;][vc_column_text] Siamo qui per: [\/vc_column_text][\/vc_column_inner][\/vc_row_inner][vc_empty_space height=&#8221;52px&#8221;][vc_empty_space height=&#8221;52px&#8221;][vc_column_text] My Super News \u00e8 qui per intrattenervi con contenuti positivi, semplici ed utili che ispirino la crescita personale. Vogliamo servire coloro che&hellip;<\/p>\n","protected":false},"author":1,"featured_media":0,"parent":0,"menu_order":0,"comment_status":"closed","ping_status":"closed","template":"","meta":{"MSN_Categories":"Uncategorized","MSN_Publish_Option":false,"MSN_Is_Local_News":false,"MSN_Is_AIAC_Included":"Empty","MSN_Location":"[]","MSN_Add_Feature_Img_On_Top_Of_Post":false,"MSN_Has_Custom_Author":false,"MSN_Custom_Author":"","MSN_Has_Custom_Canonical_Url":false,"MSN_Custom_Canonical_Url":"","footnotes":""},"class_list":["post-3854","page","type-page","status-publish","hentry"],"_links":{"self":[{"href":"https:\/\/mysupernews.com\/it\/wp-json\/wp\/v2\/pages\/3854","targetHints":{"allow":["GET"]}}],"collection":[{"href":"https:\/\/mysupernews.com\/it\/wp-json\/wp\/v2\/pages"}],"about":[{"href":"https:\/\/mysupernews.com\/it\/wp-json\/wp\/v2\/types\/page"}],"author":[{"embeddable":true,"href":"https:\/\/mysupernews.com\/it\/wp-json\/wp\/v2\/users\/1"}],"replies":[{"embeddable":true,"href":"https:\/\/mysupernews.com\/it\/wp-json\/wp\/v2\/comments?post=3854"}],"version-history":[{"count":0,"href":"https:\/\/mysupernews.com\/it\/wp-json\/wp\/v2\/pages\/3854\/revisions"}],"wp:attachment":[{"href":"https:\/\/mysupernews.com\/it\/wp-json\/wp\/v2\/media?parent=3854"}],"curies":[{"name":"wp","href":"https:\/\/api.w.org\/{rel}","templated":true}]}}