{"id":8930,"date":"2024-05-12T13:23:58","date_gmt":"2024-05-12T16:23:58","guid":{"rendered":"https:\/\/mysupernews.com\/?page_id=8930"},"modified":"2024-06-06T12:41:02","modified_gmt":"2024-06-06T15:41:02","slug":"declaration-de-confidentialite-us","status":"publish","type":"page","link":"https:\/\/mysupernews.com\/fr\/declaration-de-confidentialite-us\/","title":{"rendered":"D\u00e9claration de Confidentialit\u00e9 (US)"},"content":{"rendered":"\n<!-- Legal document generated by Complianz | GDPR\/CCPA Cookie Consent https:\/\/wordpress.org\/plugins\/complianz-gdpr -->\n<div id=\"cmplz-document\" class=\"cmplz-document privacy-statement cmplz-document-us\"><p><i>This privacy statement was last changed on 14 mai 2025, last checked on 14 mai 2025, and applies to citizens and legal permanent residents of the United States.<\/i><br \/><br \/><\/p><p>In this privacy statement, we explain what we do with the data we obtain about you via <a href=\"https:\/\/mysupernews.com\/fr\/\">https:\/\/mysupernews.com\/fr\/<\/a>. We recommend you carefully read this statement. In our processing we comply with the requirements of privacy legislation. That means, among other things, that:<ul>\n                <li>we clearly state the purposes for which we process personal data. We do this by means of this privacy statement;<\/li>\n                <li>we aim to limit our collection of personal data to only the personal data required for legitimate purposes;<\/li>\n                <li>we first request your explicit consent to process your personal data in cases requiring your consent;<\/li>\n                <li>we take appropriate security measures to protect your personal data and also require this from parties that process personal data on our behalf;<\/li>\n                <li>we respect your right to access your personal data or have it corrected or deleted, at your request.<\/li>\n            <\/ul><\/p><p>If you have any questions, or want to know exactly what data we keep of you, please contact us.<\/p><h2>1. Finalit\u00e9 et cat\u00e9gories de donn\u00e9es<\/h2><p>Nous pouvons collecter ou recevoir des informations personnelles pour un certain nombre de raisons li\u00e9es \u00e0 nos activit\u00e9s commerciales, notamment les suivantes\u00a0: (cliquez pour d\u00e9plier)<\/b><\/p><details class=\"cmplz-dropdown dropdown-privacy-statement\"><summary><div><h3>1.1 Compiler et analyser des statistiques pour l\u2019am\u00e9lioration du site web.<\/h3><\/div><\/summary><p class=\"cmplz-subtitle\">Les cat\u00e9gories de donn\u00e9es suivantes sont collect\u00e9es<\/p><p><ul><li>Donn\u00e9es de g\u00e9olocalisation<\/li><\/ul><\/p><p class=\"cmplz-subtitle\">Dur\u00e9e de conservation<\/p><p>Nous conservons ces donn\u00e9es \u00e0 la fin du service pendant le nombre de mois suivant\u00a0: 6<\/p><\/details><h2>2. Disclosure practices<\/h2><p><p>Nous divulguons des informations personnelles si nous y sommes tenus par la loi ou par une ordonnance du tribunal, en r\u00e9ponse \u00e0 un organisme d\u2019application de la loi, dans la mesure permise par d\u2019autres dispositions de la loi, pour fournir des informations, ou pour une enqu\u00eate sur une question li\u00e9e \u00e0 la s\u00e9curit\u00e9 publique.<\/p><p>Si notre site web ou notre organisation est repris, vendu ou impliqu\u00e9 dans une fusion ou une acquisition, vos donn\u00e9es peuvent \u00eatre divulgu\u00e9es \u00e0 nos conseillers et \u00e0 tout acheteur potentiel et seront transmises aux nouveaux propri\u00e9taires.<\/p><\/p><h2>3. How we respond to Do Not Track signals &amp; Global Privacy Control <\/h2><p>Our website does not respond to and does not support the Do Not Track (DNT) header request field.<\/p><h2>4. Cookies<\/h2><p>Our website uses cookies. For more information about cookies, please refer to our Cookie Policy on our <a href=\"https:\/\/mysupernews.com\/fr\/preferences-de-desactivation\/\">Pr\u00e9f\u00e9rences de d\u00e9sactivation<\/a> webpage.&nbsp;<\/p><p>We have concluded a data processing agreement with Google.<\/p><p>Google may not use the data for any other Google services.<\/p><p>The inclusion of full IP addresses is blocked by us.<\/p><h2>5. Security<\/h2><p>We are committed to the security of personal data. We take appropriate security measures to limit abuse of and unauthorized access to personal data. This ensures that only the necessary persons have access to your data, that access to the data is protected, and that our security measures are regularly reviewed.<\/p><h2>6. Third-party websites<\/h2><p>This privacy statement does not apply to third-party websites connected by links on our website. We cannot guarantee that these third parties handle your personal data in a reliable or secure manner. We recommend you read the privacy statements of these websites prior to making use of these websites.<\/p><h2>7. Amendments to this privacy statement<\/h2><p>We reserve the right to make amendments to this privacy statement. It is recommended that you consult this privacy statement regularly in order to be aware of any changes. In addition, we will actively inform you wherever possible.<\/p><h2>8. Accessing and modifying your data<\/h2><p>If you have any questions or want to know which personal data we have about you, please contact us. Please make sure to always clearly state who you are, so that we can be certain that we do not modify or delete any data of the wrong person. We shall provide the requested information only upon receipt of a verifiable consumer request. You can contact us by using the information below. You have the following rights:<\/p><p class=\"cmplz-subtitle\">8.1 You have the following rights with respect to your personal data<\/p><ol class=\"alphabetic\">\n                        <li>You may submit a request for access to the data we process about you.<\/li>\n                        <li>You may object to the processing.<\/li>\n                        <li>You may request an overview, in a commonly used format, of the data we process about you.<\/li>\n                        <li>You may request correction or deletion of the data if it is incorrect or not or no longer relevant, or to ask to restrict the processing of the data.<\/li>\n                        <li>You may appeal our decision whenever we refuse to take action on a request and submit a complaint with the competent authority if your appeal is denied.<\/li>\n                      <\/ol><h2>9. Children<\/h2><p>Our website is not designed to attract children and it is not our intent to collect personal data from children under the age of consent in their country of residence. We therefore request that children under the age of consent do not submit any personal data to us.<\/p><h2>10. Contact details<\/h2><p>Win d&#8217;Oz Consultoria e Inform\u00e1tica Ltda.<br \/>\n        Avenida Bar\u00e3o do Rio Branco, 2679<br \/>\n36.010-908<br \/>\nJuiz de Fora\/MG<br \/>\n        Br\u00e9sil<br \/>\n        Website: <a href=\"https:\/\/mysupernews.com\/fr\/\">https:\/\/mysupernews.com\/fr\/<\/a> <br \/>\n        Email: <span class=\"cmplz-obfuscate\">&#105;&#110;f&#111;@<span class=\"cmplz-fmail-domain\">&#101;&#120;&#046;&#099;o&#109;<\/span>mysupe&#114;&#110;&#101;ws&#046;com<\/span> <br \/>\n        <br \/>\n        <\/p><h2>11. Data Requests<\/h2><p>For the most frequently submitted requests, we also offer you the possibility to use our data request form<br \/>\t\t\t<div class=\"cmplz-datarequest cmplz-alert\">\n\t\t\t\t<span class=\"cmplz-close\">&times;<\/span>\n\t\t\t\t<span id=\"cmplz-message\"><\/span>\n\t\t\t<\/div>\n\t\t\t<form id=\"cmplz-datarequest-form\">\n\t\t\t\t<input type=\"hidden\" required value=\"us\" name=\"cmplz_datarequest_region\" id=\"cmplz_datarequest_region\" >\n\n\t\t\t\t<label for=\"cmplz_datarequest_firstname\" class=\"cmplz-first-name\">Nom\t\t\t\t\t<input type=\"search\" class=\"datarequest-firstname\" value=\"\" placeholder=\"your first name\" id=\"cmplz_datarequest_firstname\" name=\"cmplz_datarequest_firstname\" >\n\t\t\t\t<\/label>\n\t\t\t\t<div>\n\t\t\t\t\t<label for=\"cmplz_datarequest_name\">Nom<\/label>\n\t\t\t\t\t<input type=\"text\" required value=\"\" placeholder=\"Votre nom\" id=\"cmplz_datarequest_name\" name=\"cmplz_datarequest_name\">\n\t\t\t\t<\/div>\n\t\t\t\t<div>\n\t\t\t\t\t<label for=\"cmplz_datarequest_email\">E-mail<\/label>\n\t\t\t\t\t<input type=\"email\" required value=\"\" placeholder=\"email@email.com\" id=\"cmplz_datarequest_email\" name=\"cmplz_datarequest_email\">\n\t\t\t\t<\/div>\n\t\t\t\t\t\t\t\t\t\t<div class=\"cmplz_datarequest cmplz_datarequest_request_for_access\">\n\t\t\t\t\t\t\t<label for=\"cmplz_datarequest_request_for_access\">\n\t\t\t\t\t\t\t\t<input type=\"checkbox\" value=\"1\" name=\"cmplz_datarequest_request_for_access\" id=\"cmplz_datarequest_request_for_access\"\/>\n\t\t\t\t\t\t\t\tEnvoyer une demande d\u2019acc\u00e8s aux donn\u00e9es \u00e0 votre sujet que nous traitons.\t\t\t\t\t\t\t<\/label>\n\t\t\t\t\t\t<\/div>\n\t\t\t\t\t\t\t\t\t\t<div class=\"cmplz_datarequest cmplz_datarequest_right_to_be_forgotten\">\n\t\t\t\t\t\t\t<label for=\"cmplz_datarequest_right_to_be_forgotten\">\n\t\t\t\t\t\t\t\t<input type=\"checkbox\" value=\"1\" name=\"cmplz_datarequest_right_to_be_forgotten\" id=\"cmplz_datarequest_right_to_be_forgotten\"\/>\n\t\t\t\t\t\t\t\tEnvoyer une demande de suppression des donn\u00e9es si elles ne sont plus pertinentes.\t\t\t\t\t\t\t<\/label>\n\t\t\t\t\t\t<\/div>\n\t\t\t\t\t\t\t\t\t\t<div class=\"cmplz_datarequest cmplz_datarequest_right_to_data_portability\">\n\t\t\t\t\t\t\t<label for=\"cmplz_datarequest_right_to_data_portability\">\n\t\t\t\t\t\t\t\t<input type=\"checkbox\" value=\"1\" name=\"cmplz_datarequest_right_to_data_portability\" id=\"cmplz_datarequest_right_to_data_portability\"\/>\n\t\t\t\t\t\t\t\tEnvoyer une demande pour recevoir un fichier d\u2019exportation des donn\u00e9es \u00e0 votre sujet que nous traitons.\t\t\t\t\t\t\t<\/label>\n\t\t\t\t\t\t<\/div>\n\t\t\t\t\t\t\t\t<input type=\"button\" id=\"cmplz-datarequest-submit\"  value=\"Envoyer\">\n\t\t\t<\/form>\n\n\t\t\t<style>\n\t\t\t\t\/* first-name is honeypot *\/\n\t\t\t\t.cmplz-first-name {\n\t\t\t\t\tposition: absolute !important;\n\t\t\t\t\tleft: -5000px !important;\n\t\t\t\t}\n\t\t\t<\/style>\n\t\t\t<\/p><h2>Annex<\/h2><p><h3>WPML<\/h3>\nWPML utilise des cookies pour identifier la langue actuelle du visiteur, la derni\u00e8re langue visit\u00e9e et la langue des utilisateurs qui se sont connect\u00e9s.\n\nPendant que vous utilisez le plugin, WPML partagera des donn\u00e9es concernant le site via Installer. Aucune donn\u00e9e de l&#8217;utilisateur lui-m\u00eame ne sera partag\u00e9e.\n<h3>Traduction de m\u00e9dias WPML<\/h3>\nWPML Media Translation enverra l&#8217;adresse e-mail et le nom de chaque responsable et traducteur d\u00e9sign\u00e9 ainsi que le contenu lui-m\u00eame \u00e0 Advanced Translation Editor et aux services de traduction utilis\u00e9s.\n<h3>Gestion des traductions WPML<\/h3>\nWPML Translation Management enverra l&#8217;adresse e-mail et le nom de chaque responsable et traducteur d\u00e9sign\u00e9 ainsi que le contenu lui-m\u00eame \u00e0 Advanced Translation Editor et aux services de traduction utilis\u00e9s.\n<h3>Traduction de cha\u00eenes WPML<\/h3>\nWPML String Translation enverra toutes les cha\u00eenes \u00e0 l&#8217;\u00e9diteur de traduction avanc\u00e9 de WPML et aux services de traduction utilis\u00e9s.\n<h3>Statistiques en rafale<\/h3>\nCe site Web utilise Burst Statistics, un outil de statistiques respectueux de la vie priv\u00e9e pour analyser le comportement des visiteurs. Pour cette fonctionnalit\u00e9, nous (ce site Web) collectons des donn\u00e9es anonymis\u00e9es, stock\u00e9es localement sans les partager avec d&#8217;autres parties. Pour plus d&#8217;informations, veuillez lire la <a href=\"https:\/\/burst-statistics.com\/legal\/privacy-statement\/\" target=\"_blank\" rel=\"noopener\"> D\u00e9claration de confidentialit\u00e9 <\/a> de Burst.\n<h3>SSL vraiment simple<\/h3>\nLes modules compl\u00e9mentaires Really Simple SSL et Really Simple SSL ne traitent aucune information personnelle identifiable, de sorte que le RGPD ne s&#8217;applique pas \u00e0 ces plugins ou \u00e0 l&#8217;utilisation de ces plugins sur votre site Web. Vous pouvez trouver notre politique de confidentialit\u00e9 <a href=\"https:\/\/really-simple-ssl.com\/privacy-statement\/\" target=\"_blank\" rel=\"noopener\">ici<\/a>.\n<h3>Conformit\u00e9 | La suite de confidentialit\u00e9 pour WordPress<\/h3>\nCe site Web utilise la suite de confidentialit\u00e9 pour WordPress de Complianz pour collecter les enregistrements de consentement. Pour cette fonctionnalit\u00e9, votre adresse IP est anonymis\u00e9e et stock\u00e9e dans notre base de donn\u00e9es. Pour plus d&#8217;informations, consultez la <a href=\"https:\/\/complianz.io\/privacy-statement\/\" target=\"_blank\" rel=\"noopener\">D\u00e9claration de confidentialit\u00e9<\/a> de Complianz.<\/p><\/div>","protected":false},"excerpt":{"rendered":"","protected":false},"author":1,"featured_media":0,"parent":0,"menu_order":0,"comment_status":"closed","ping_status":"closed","template":"","meta":{"MSN_Categories":"Uncategorized","MSN_Publish_Option":false,"MSN_Is_Local_News":false,"MSN_Is_AIAC_Included":"Empty","MSN_Location":"[]","MSN_Add_Feature_Img_On_Top_Of_Post":false,"MSN_Has_Custom_Author":false,"MSN_Custom_Author":"","MSN_Has_Custom_Canonical_Url":false,"MSN_Custom_Canonical_Url":"","footnotes":""},"class_list":["post-8930","page","type-page","status-publish","hentry"],"_links":{"self":[{"href":"https:\/\/mysupernews.com\/fr\/wp-json\/wp\/v2\/pages\/8930","targetHints":{"allow":["GET"]}}],"collection":[{"href":"https:\/\/mysupernews.com\/fr\/wp-json\/wp\/v2\/pages"}],"about":[{"href":"https:\/\/mysupernews.com\/fr\/wp-json\/wp\/v2\/types\/page"}],"author":[{"embeddable":true,"href":"https:\/\/mysupernews.com\/fr\/wp-json\/wp\/v2\/users\/1"}],"replies":[{"embeddable":true,"href":"https:\/\/mysupernews.com\/fr\/wp-json\/wp\/v2\/comments?post=8930"}],"version-history":[{"count":0,"href":"https:\/\/mysupernews.com\/fr\/wp-json\/wp\/v2\/pages\/8930\/revisions"}],"wp:attachment":[{"href":"https:\/\/mysupernews.com\/fr\/wp-json\/wp\/v2\/media?parent=8930"}],"curies":[{"name":"wp","href":"https:\/\/api.w.org\/{rel}","templated":true}]}}