{"id":3440,"date":"2019-01-14T14:31:22","date_gmt":"2019-01-14T16:31:22","guid":{"rendered":"https:\/\/mysupernews.com\/a-propos-de-nous\/"},"modified":"2024-05-16T11:04:02","modified_gmt":"2024-05-16T14:04:02","slug":"a-propos-de-nous","status":"publish","type":"page","link":"https:\/\/mysupernews.com\/fr\/a-propos-de-nous\/","title":{"rendered":"A propos de nous"},"content":{"rendered":"<div class=\"wpb-content-wrapper\">[vc_row][vc_column width=&#8221;2\/3&#8243;][vc_row_inner][vc_column_inner width=&#8221;1\/2&#8243;][vc_empty_space]\t<div id=\"thb-image-69d15e954fd71\" class=\"caption-style1  aligncenter   thb_image_link wp-caption\">\n\t\t\t<div class=\"thb-image-inner size_100\">\n\t\t\t<img loading=\"lazy\" decoding=\"async\" width=\"300\" height=\"300\" src=\"https:\/\/mysupernews.com\/wp-content\/uploads\/2023\/03\/MSN_My_Super_News_Logo_black_rond-1-300x300.png\" class=\"thb_image   attachment-medium\" alt=\"\" title=\"MSN _My_Super_News_Logo_black_rond\" srcset=\"https:\/\/mysupernews.com\/wp-content\/uploads\/2023\/03\/MSN_My_Super_News_Logo_black_rond-1-300x300.png 300w, https:\/\/mysupernews.com\/wp-content\/uploads\/2023\/03\/MSN_My_Super_News_Logo_black_rond-1-150x150.png 150w, https:\/\/mysupernews.com\/wp-content\/uploads\/2023\/03\/MSN_My_Super_News_Logo_black_rond-1-180x180.png 180w, https:\/\/mysupernews.com\/wp-content\/uploads\/2023\/03\/MSN_My_Super_News_Logo_black_rond-1-90x90.png 90w, https:\/\/mysupernews.com\/wp-content\/uploads\/2023\/03\/MSN_My_Super_News_Logo_black_rond-1-20x20.png 20w, https:\/\/mysupernews.com\/wp-content\/uploads\/2023\/03\/MSN_My_Super_News_Logo_black_rond-1-48x48.png 48w\" sizes=\"auto, (max-width: 300px) 100vw, 300px\" \/>\t\t<\/div>\n\t\t\t\t\t<\/div>\n\t[vc_column_text]\n<h5><strong>Tout dans la vie tourne autour de vous et de vous-m\u00eame !<\/strong><\/h5>\n[\/vc_column_text][vc_column_text]\n<h5><strong>La fa\u00e7on dont vous d\u00e9cidez de vivre votre vie fera la diff\u00e9rence.<\/strong><\/h5>\n[\/vc_column_text][\/vc_column_inner][vc_column_inner width=&#8221;1\/2&#8243;][vc_column_text]\n<h4><strong>Nous sommes l\u00e0 pour:<\/strong><\/h4>\n[\/vc_column_text]\t<div class=\"thb-iconlist \" id=\"thb-iconlist-69d15e95504c2\">\n\t\t<ul>\n\t\t\t\t\t\t\t<li class=\"thb-iconlist-li \">\n\t\t\t\t\t<i class=\"fas fa-long-arrow-alt-right\"><\/i>\n\t\t\t\tDivertir les gens.\t\t\t\t<\/li>\n\t\t\t\t\t\t\t<li class=\"thb-iconlist-li \">\n\t\t\t\t\t<i class=\"fas fa-long-arrow-alt-right\"><\/i>\n\t\t\t\tInspirer la croissance personnelle.\t\t\t\t<\/li>\n\t\t\t\t\t\t\t<li class=\"thb-iconlist-li \">\n\t\t\t\t\t<i class=\"fas fa-long-arrow-alt-right\"><\/i>\n\t\t\t\tServir ceux qui sont pr\u00eats \u00e0 accueillir de bonnes vibrations.\t\t\t\t<\/li>\n\t\t\t\t\t\t\t<li class=\"thb-iconlist-li \">\n\t\t\t\t\t<i class=\"fas fa-long-arrow-alt-right\"><\/i>\n\t\t\t\tParler d&#039;un bon style de vie.\t\t\t\t<\/li>\n\t\t\t\t\t\t\t<li class=\"thb-iconlist-li \">\n\t\t\t\t\t<i class=\"fas fa-long-arrow-alt-right\"><\/i>\n\t\t\t\tVous sugg\u00e9rer de nouvelles fa\u00e7ons d&#039;am\u00e9liorer votre temps.\t\t\t\t<\/li>\n\t\t\t\t\t\t\t<li class=\"thb-iconlist-li \">\n\t\t\t\t\t<i class=\"fas fa-long-arrow-alt-right\"><\/i>\n\t\t\t\tPartager nos meilleurs recettes et astuces de cuisine avec vous.\t\t\t\t<\/li>\n\t\t\t\t\t\t\t<li class=\"thb-iconlist-li \">\n\t\t\t\t\t<i class=\"fas fa-long-arrow-alt-right\"><\/i>\n\t\t\t\tVous aider \u00e0 obtenir un \u00abmens sana in corpore sano\u00bb.\t\t\t\t<\/li>\n\t\t\t\t\t\t\t<li class=\"thb-iconlist-li \">\n\t\t\t\t\t<i class=\"fas fa-long-arrow-alt-right\"><\/i>\n\t\t\t\tPeut-\u00eatre vous apprendre quelque chose de valable.\t\t\t\t<\/li>\n\t\t\t\t\t\t\t<li class=\"thb-iconlist-li \">\n\t\t\t\t\t<i class=\"fas fa-long-arrow-alt-right\"><\/i>\n\t\t\t\tPromouvoir l&#039;amour universel.\t\t\t\t<\/li>\n\t\t\t\t\t\t\t<li class=\"thb-iconlist-li \">\n\t\t\t\t\t<i class=\"fas fa-long-arrow-alt-right\"><\/i>\n\t\t\t\tRapprochez-vous de l&#039;Esprit.\t\t\t\t<\/li>\n\t\t\t\t\t<\/ul>\n\t\t<style>\n\t\t\t\t\t\t\t\t<\/style>\n\t<\/div>\n\t[\/vc_column_inner][\/vc_row_inner][vc_empty_space height=&#8221;52px&#8221;][vc_empty_space height=&#8221;52px&#8221;]\t<div class=\"thb_title  style6  text-center\" id=\"thb-title-69d15e95505ab\">\n\t<div class=\"thb_title_inner\">\n\t\t\t\t\t\t<h2>Qu'est-ce que My Super News ?<\/h2>\n\t\t\t\t\t<\/div>\n\t\t\t<\/div>\n\t[vc_column_text]\n<p class=\"p2\"><span class=\"s1\">My Super News est l\u00e0 pour divertir les gens avec un contenu positif, simple et utile inspirant la croissance personnelle.<\/span><\/p>\n<p class=\"p2\"><span class=\"s1\">Nous voulons servir ceux qui vivent vite et aiment plus longtemps, ceux qui sont toujours pr\u00eats \u00e0 accueillir de nouvelles bonnes vibrations.<\/span><\/p>\n<p class=\"p2\"><span class=\"s1\">Nous savons que le temps est important, nous sommes donc pr\u00eats \u00e0 sugg\u00e9rer de nouvelles fa\u00e7ons de l&#8217;am\u00e9liorer.<\/span><\/p>\n[\/vc_column_text][vc_empty_space height=&#8221;52px&#8221;]\t<div class=\"thb_title  style6  text-center\" id=\"thb-title-69d15e9550604\">\n\t<div class=\"thb_title_inner\">\n\t\t\t\t\t\t<h2>Positive, Simple et Utile!<\/h2>\n\t\t\t\t\t<\/div>\n\t\t\t<\/div>\n\t[vc_column_text]\n<p class=\"p2\"><span class=\"s1\">Tout dans la vie tourne autour de vous et de vous-m\u00eame ! La fa\u00e7on dont vous d\u00e9cidez de vivre votre vie fera toute la diff\u00e9rence.<span class=\"Apple-converted-space\"> <\/span><\/span><\/p>\n<p class=\"p2\"><span class=\"s1\">Nous aimons parler de lifestyle, d&#8217;alimentation saine, d&#8217;am\u00e9lioration consciente, de curiosit\u00e9s, de spiritualit\u00e9, de d\u00e9couvertes et de tout ce qui peut vous inspirer \u00e0 vivre une vie meilleure.<\/span><\/p>\n<p class=\"p2\"><span class=\"s1\">Nous vous proposerons un contenu fiable et de haute qualit\u00e9 provenant d&#8217;\u00e9diteurs professionnels du monde entier.<\/span><\/p>\n[\/vc_column_text][vc_empty_space height=&#8221;52px&#8221;][vc_single_image image=&#8221;8818&#8243; img_size=&#8221;full&#8221; alignment=&#8221;center&#8221;][vc_empty_space height=&#8221;52px&#8221;]\t<div class=\"thb_title  style6  text-center\" id=\"thb-title-69d15e9550654\">\n\t<div class=\"thb_title_inner\">\n\t\t\t\t\t\t<h2>Notre \u00e9quipe<\/h2>\n\t\t\t\t\t<\/div>\n\t\t\t<\/div>\n\t[vc_widget_sidebar sidebar_id=&#8221;custom_widgets&#8221;][\/vc_column][vc_column width=&#8221;1\/3&#8243;][vc_widget_sidebar sidebar_id=&#8221;page&#8221;][\/vc_column][\/vc_row][vc_row][vc_column width=&#8221;2\/3&#8243;][vc_empty_space height=&#8221;52px&#8221;]\t<div class=\"thb_title  style6  text-center\" id=\"thb-title-69d15e95506ad\">\n\t<div class=\"thb_title_inner\">\n\t\t\t\t\t\t<h2>O\u00f9 sommes-nous<\/h2>\n\t\t\t\t\t<\/div>\n\t\t\t<\/div>\n\t[vc_column_text]\n<p class=\"p6\" style=\"text-align: left;\"><span class=\"s1\">Win d\u2019Oz Inform\u00e1tica Ltda.<\/span><span class=\"s1\"><span class=\"Apple-converted-space\"><br \/>\n<\/span><\/span><span class=\"s1\">Juiz de Fora &#8211; Minas Gerais &#8211; Br\u00e9sil<br \/>\n\ud83c\udde7\ud83c\uddf7<\/span><\/p>\n<p class=\"p2\" style=\"text-align: left;\"><span class=\"s1\"><br \/>\nPour toute question, demande publicitaire, suggestion ou appel \u00e0 l&#8217;aide, contactez-nous \u00e0 l&#8217;aide de l&#8217;e-mail ci-dessous.<\/span><\/p>\n<p class=\"p1\" style=\"text-align: left;\"><a href=\"mailto:%20info@mysupernews.com\"><span class=\"s1\">[<span class=\"s2\">Contactez-nous<\/span>]<\/span><\/a><\/p>\n[\/vc_column_text][\/vc_column][vc_column width=&#8221;1\/3&#8243;][\/vc_column][\/vc_row][vc_row][vc_column][vc_empty_space][vc_empty_space]\t<div class=\"thb_title  style6  text-center\" id=\"thb-title-69d15e95506fa\">\n\t<div class=\"thb_title_inner\">\n\t\t\t\t\t\t<h2>NOS PARTENAIRES<\/h2>\n\t\t\t\t\t<\/div>\n\t\t\t<\/div>\n\t[\/vc_column][\/vc_row][vc_row][vc_column width=&#8221;1\/4&#8243;]\t<div id=\"thb-image-69d15e9550753\" class=\"caption-style1  aligncenter   thb_image_link wp-caption\">\n\t\t\t<a class=\"\" href=\"https:\/\/confidentielles.com\/\" target=\"_blank\" title=\"Confidentielles\" data-thb-group=\"\">\n\t\t\t<div class=\"thb-image-inner size_100\">\n\t\t\t<img loading=\"lazy\" decoding=\"async\" width=\"150\" height=\"150\" src=\"https:\/\/mysupernews.com\/wp-content\/uploads\/2023\/04\/avatar_confidentielles-1-150x150.png\" class=\"thb_image   attachment-thumbnail\" alt=\"\" title=\"avatar_confidentielles\" \/>\t\t<\/div>\n\t\t\t<\/a>\n\t\t\t\t\t<\/div>\n\t[\/vc_column][vc_column width=&#8221;1\/4&#8243;]\t<div id=\"thb-image-69d15e9550d1d\" class=\"caption-style1  aligncenter   thb_image_link wp-caption\">\n\t\t\t<a class=\"\" href=\"https:\/\/www.facebook.com\/theCatSocietyOfficial\/\" target=\"_blank\" title=\"The Cat Society - English\" data-thb-group=\"\">\n\t\t\t<div class=\"thb-image-inner size_100\">\n\t\t\t<img loading=\"lazy\" decoding=\"async\" width=\"150\" height=\"150\" src=\"https:\/\/mysupernews.com\/wp-content\/uploads\/2023\/04\/Avatar_TheCatSociety-1-150x150.png\" class=\"thb_image   attachment-thumbnail\" alt=\"\" title=\"Avatar_TheCatSociety\" srcset=\"https:\/\/mysupernews.com\/wp-content\/uploads\/2023\/04\/Avatar_TheCatSociety-1-150x150.png 150w, https:\/\/mysupernews.com\/wp-content\/uploads\/2023\/04\/Avatar_TheCatSociety-1-90x90.png 90w, https:\/\/mysupernews.com\/wp-content\/uploads\/2023\/04\/Avatar_TheCatSociety-1-20x20.png 20w, https:\/\/mysupernews.com\/wp-content\/uploads\/2023\/04\/Avatar_TheCatSociety-1-48x48.png 48w\" sizes=\"auto, (max-width: 150px) 100vw, 150px\" \/>\t\t<\/div>\n\t\t\t<\/a>\n\t\t\t\t\t<\/div>\n\t[\/vc_column][vc_column width=&#8221;1\/4&#8243;]\t<div id=\"thb-image-69d15e9551303\" class=\"caption-style1  aligncenter   thb_image_link wp-caption\">\n\t\t\t<a class=\"\" href=\"https:\/\/www.facebook.com\/TheDiscoveristOfficial\/\" target=\"_blank\" title=\"Tha Discoverist - English\" data-thb-group=\"\">\n\t\t\t<div class=\"thb-image-inner size_100\">\n\t\t\t<img loading=\"lazy\" decoding=\"async\" width=\"150\" height=\"150\" src=\"https:\/\/mysupernews.com\/wp-content\/uploads\/2023\/04\/Avatar_TheDiscoverist_v3-150x150.png\" class=\"thb_image   attachment-thumbnail\" alt=\"\" title=\"Avatar_TheDiscoverist_v3\" srcset=\"https:\/\/mysupernews.com\/wp-content\/uploads\/2023\/04\/Avatar_TheDiscoverist_v3-150x150.png 150w, https:\/\/mysupernews.com\/wp-content\/uploads\/2023\/04\/Avatar_TheDiscoverist_v3-90x90.png 90w, https:\/\/mysupernews.com\/wp-content\/uploads\/2023\/04\/Avatar_TheDiscoverist_v3-20x20.png 20w, https:\/\/mysupernews.com\/wp-content\/uploads\/2023\/04\/Avatar_TheDiscoverist_v3-48x48.png 48w\" sizes=\"auto, (max-width: 150px) 100vw, 150px\" \/>\t\t<\/div>\n\t\t\t<\/a>\n\t\t\t\t\t<\/div>\n\t[\/vc_column][vc_column width=&#8221;1\/4&#8243;]\t<div id=\"thb-image-69d15e95518cd\" class=\"caption-style1  aligncenter   thb_image_link wp-caption\">\n\t\t\t<a class=\"\" href=\"https:\/\/www.facebook.com\/JunggleFemme\/\" target=\"_blank\" title=\"Junggle Femme\" data-thb-group=\"\">\n\t\t\t<div class=\"thb-image-inner size_100\">\n\t\t\t<img loading=\"lazy\" decoding=\"async\" width=\"150\" height=\"150\" src=\"https:\/\/mysupernews.com\/wp-content\/uploads\/2023\/04\/Avatar_GoJunggle_v2-150x150.png\" class=\"thb_image   attachment-thumbnail\" alt=\"\" title=\"Avatar_GoJunggle_v2\" srcset=\"https:\/\/mysupernews.com\/wp-content\/uploads\/2023\/04\/Avatar_GoJunggle_v2-150x150.png 150w, https:\/\/mysupernews.com\/wp-content\/uploads\/2023\/04\/Avatar_GoJunggle_v2-90x90.png 90w, https:\/\/mysupernews.com\/wp-content\/uploads\/2023\/04\/Avatar_GoJunggle_v2-20x20.png 20w, https:\/\/mysupernews.com\/wp-content\/uploads\/2023\/04\/Avatar_GoJunggle_v2-48x48.png 48w\" sizes=\"auto, (max-width: 150px) 100vw, 150px\" \/>\t\t<\/div>\n\t\t\t<\/a>\n\t\t\t\t\t<\/div>\n\t[\/vc_column][\/vc_row]\n<\/div>","protected":false},"excerpt":{"rendered":"<p>[vc_row][vc_column width=&#8221;2\/3&#8243;][vc_row_inner][vc_column_inner width=&#8221;1\/2&#8243;][vc_empty_space][vc_column_text] Tout dans la vie tourne autour de vous et de vous-m\u00eame ! [\/vc_column_text][vc_column_text] La fa\u00e7on dont vous d\u00e9cidez de vivre votre vie fera la diff\u00e9rence. [\/vc_column_text][\/vc_column_inner][vc_column_inner width=&#8221;1\/2&#8243;][vc_column_text] Nous sommes l\u00e0 pour: [\/vc_column_text][\/vc_column_inner][\/vc_row_inner][vc_empty_space height=&#8221;52px&#8221;][vc_empty_space height=&#8221;52px&#8221;][vc_column_text] My Super News est l\u00e0 pour divertir les gens avec un contenu positif, simple et utile inspirant la&hellip;<\/p>\n","protected":false},"author":1,"featured_media":0,"parent":0,"menu_order":0,"comment_status":"closed","ping_status":"closed","template":"","meta":{"MSN_Categories":"Uncategorized","MSN_Publish_Option":false,"MSN_Is_Local_News":false,"MSN_Is_AIAC_Included":"Empty","MSN_Location":"[]","MSN_Add_Feature_Img_On_Top_Of_Post":false,"MSN_Has_Custom_Author":false,"MSN_Custom_Author":"","MSN_Has_Custom_Canonical_Url":false,"MSN_Custom_Canonical_Url":"","footnotes":""},"class_list":["post-3440","page","type-page","status-publish","hentry"],"_links":{"self":[{"href":"https:\/\/mysupernews.com\/fr\/wp-json\/wp\/v2\/pages\/3440","targetHints":{"allow":["GET"]}}],"collection":[{"href":"https:\/\/mysupernews.com\/fr\/wp-json\/wp\/v2\/pages"}],"about":[{"href":"https:\/\/mysupernews.com\/fr\/wp-json\/wp\/v2\/types\/page"}],"author":[{"embeddable":true,"href":"https:\/\/mysupernews.com\/fr\/wp-json\/wp\/v2\/users\/1"}],"replies":[{"embeddable":true,"href":"https:\/\/mysupernews.com\/fr\/wp-json\/wp\/v2\/comments?post=3440"}],"version-history":[{"count":0,"href":"https:\/\/mysupernews.com\/fr\/wp-json\/wp\/v2\/pages\/3440\/revisions"}],"wp:attachment":[{"href":"https:\/\/mysupernews.com\/fr\/wp-json\/wp\/v2\/media?parent=3440"}],"curies":[{"name":"wp","href":"https:\/\/api.w.org\/{rel}","templated":true}]}}