{"id":9419,"date":"2024-05-12T13:23:58","date_gmt":"2024-05-12T16:23:58","guid":{"rendered":"https:\/\/mysupernews.com\/privacy-statement-eu\/"},"modified":"2024-06-06T12:40:58","modified_gmt":"2024-06-06T15:40:58","slug":"politica-de-privacidad-eu","status":"publish","type":"page","link":"https:\/\/mysupernews.com\/es\/politica-de-privacidad-eu\/","title":{"rendered":"Pol\u00edtica de privacidad (EU)"},"content":{"rendered":"\n<!-- Legal document generated by Complianz | GDPR\/CCPA Cookie Consent https:\/\/wordpress.org\/plugins\/complianz-gdpr -->\n<div id=\"cmplz-document\" class=\"cmplz-document privacy-statement cmplz-document-eu\"><p><i>Esta declaraci\u00f3n de privacidad se actualiz\u00f3 por \u00faltima vez el 14 de mayo de 2025 y se aplica a los ciudadanos y residentes legales permanentes del Espacio Econ\u00f3mico Europeo y Suiza.<\/i><br \/><br \/><\/p><p><p>En esta declaraci\u00f3n de privacidad, explicamos lo que hacemos con los datos que obtenemos sobre usted a trav\u00e9s de <a href=\"https:\/\/mysupernews.com\/es\/\">https:\/\/mysupernews.com\/es\/<\/a>. Le recomendamos que lea atentamente esta declaraci\u00f3n. En nuestro procesamiento cumplimos con los requisitos de la legislaci\u00f3n de privacidad. Lo que significa, entre otras cosas, que:<\/p><ul>\n                <li>indicamos claramente los fines para los que procesamos los datos personales. Hacemos esto por medio de esta declaraci\u00f3n de privacidad.<\/li>\n                <li>nos proponemos limitar nuestra recopilaci\u00f3n de datos personales a los datos personales necesarios para fines leg\u00edtimos;<\/li>\n                <li>en primer lugar, solicitamos su consentimiento expl\u00edcito para el tratamiento de sus datos personales en los casos en que sea necesario.<\/li>\n                <li>tomamos las medidas de seguridad adecuadas para proteger sus datos personales y tambi\u00e9n lo exigimos a las partes que procesan datos personales en nuestro nombre;<\/li>\n                <li>respetamos su derecho a acceder, rectificar o cancelar sus datos personales previa solicitud.<\/li>\n            <\/ul><p>Si tiene alguna pregunta o quiere saber exactamente qu\u00e9 datos guardamos de usted, p\u00f3ngase en contacto con nosotros.<\/p><\/p><h2>1. Prop\u00f3sito, datos y periodo de retenci\u00f3n<\/h2>Podemos recopilar o recibir informaci\u00f3n personal para un n\u00famero de prop\u00f3sitos relacionados con nuestras operaciones comerciales, que pueden incluir lo siguiente: (haga clic para expandir) <details class=\"cmplz-dropdown dropdown-privacy-statement\"><summary><div><h3>1.1 Recopilaci\u00f3n y an\u00e1lisis de estad\u00edsticas para la mejora de la web.<\/h3><\/div><\/summary><p class=\"cmplz-subtitle\">Para ello utilizamos los siguientes datos:<\/p><p><ul><li>Datos de geolocalizaci\u00f3n<\/li><\/ul><\/p><p class=\"cmplz-subtitle\">La base sobre la que podemos procesar estos datos es:<\/p><p><a target=\"_blank\" rel=\"noopener noreferrer nofollow\" href=\"https:\/\/cookiedatabase.org\/legal-bases\/#consent\">Tras la prestaci\u00f3n del consentimiento. <\/a><\/p><p class=\"cmplz-subtitle\">Per\u00edodo de retenci\u00f3n<\/p><p>Conservamos estos datos tras la finalizaci\u00f3n del servicio durante el siguiente n\u00famero de meses: 6<\/p><\/details><h2>2. Cookies<\/h2><p>Para brindar las mejores experiencias, nosotros y nuestros socios utilizamos tecnolog\u00edas como cookies para almacenar y\/o acceder a la informaci\u00f3n del dispositivo. La aceptaci\u00f3n de estas tecnolog\u00edas nos permitir\u00e1 a nosotros y a nuestros socios procesar datos personales como el comportamiento de navegaci\u00f3n o identificaciones \u00fanicas (IDs) en este sitio. No dar su consentimiento o retirar el consentimiento puede afectar negativamente a determinadas caracter\u00edsticas y funciones. Para obtener m\u00e1s informaci\u00f3n sobre estas tecnolog\u00edas y socios, por favor consulte nuestra <a href=\"https:\/\/mysupernews.com\/es\/politica-de-cookies-eu\/\">Pol\u00edtica de cookies<\/a>.&nbsp;<\/p><h2>3. Pr\u00e1cticas de divulgaci\u00f3n<\/h2><p><p>Divulgamos informaci\u00f3n personal si nos lo exige la ley o una orden judicial, en respuesta a un organismo encargado de hacer cumplir la ley, en la medida en que lo permitan otras disposiciones legales, para proporcionar informaci\u00f3n o para una investigaci\u00f3n sobre un asunto relacionado con la seguridad p\u00fablica.<\/p><p>Si nuestro sitio web o nuestra organizaci\u00f3n son adquiridos, vendidos o participan en una fusi\u00f3n o adquisici\u00f3n, sus datos podr\u00e1n ser revelados a nuestros asesores y a los posibles compradores, y se transmitir\u00e1n a los nuevos propietarios.<\/p><\/p><p>Win d&#8217;Oz Consultoria e Inform\u00e1tica Ltda. participa en el Marco de transparencia y consentimiento de IAB Europe y cumple con sus especificaciones y pol\u00edticas. Utiliza la Plataforma de gesti\u00f3n del consentimiento con el n\u00famero de identificaci\u00f3n 332&nbsp;<\/p><p>Tenemos un Acuerdo de procesamiento de datos con Google.<\/p><p>Google no puede utilizar los datos para otros servicios de Google.<\/p><p>La inclusi\u00f3n de direcciones IP completas est\u00e1 bloqueada por nosotros.<\/p><h2>4. Seguridad<\/h2><p>Estamos comprometidos con la seguridad de los datos personales. Tomamos las medidas de seguridad adecuadas para limitar el abuso y el acceso no autorizado a los datos personales. Esto asegura que s\u00f3lo las personas necesarias tengan acceso a sus datos, que el acceso a los datos est\u00e9 protegido y que nuestras medidas de seguridad sean revisadas regularmente.<\/p><h2>5. Webs de terceros<\/h2><p>Esta declaraci\u00f3n de privacidad no se aplica a las webs de terceros conectados mediante enlaces en nuestra web. No podemos garantizar que estas terceras partes manejen sus datos personales de forma fiable o segura. Le recomendamos que lea las declaraciones de privacidad de estas webs antes de utilizarlos.<\/p><h2>6. Modificaciones de esta declaraci\u00f3n de privacidad<\/h2><p>Nos reservamos el derecho de hacer enmiendas a esta declaraci\u00f3n de privacidad. Se recomienda que consulte esta declaraci\u00f3n de privacidad regularmente para estar al tanto de cualquier cambio. Adem\u00e1s, le informaremos activamente siempre que sea posible.<\/p><h2>7. Acceso y modificaci\u00f3n de sus datos<\/h2><p>Si tiene alguna pregunta o desea saber qu\u00e9 datos personales tenemos sobre usted, p\u00f3ngase en contacto con nosotros. Puede ponerse en contacto con nosotros utilizando la siguiente informaci\u00f3n. Usted tiene los siguientes derechos:<\/p><ul>\n                <li>Usted tiene derecho a saber por qu\u00e9 se necesitan sus datos personales, qu\u00e9 suceder\u00e1 con ellos y durante cu\u00e1nto tiempo se conservar\u00e1n.<\/li>\n                <li>Derecho de acceso: Tiene derecho a acceder a los datos personales que conocemos sobre usted.<\/li>\n                <li>Derecho de rectificaci\u00f3n: tiene derecho a completar, rectificar, borrar o bloquear sus datos personales cuando lo desee.<\/li>\n                <li>Si usted nos da su consentimiento para procesar sus datos, tiene derecho a revocar dicho consentimiento y a que se eliminen sus datos personales.<\/li>\n                <li>Derecho de cesi\u00f3n de sus datos: tiene derecho a solicitar todos sus datos personales al responsable y a transferirlos \u00edntegramente a otro responsable del tratamiento de datos.<\/li>\n                <li>Derecho de oposici\u00f3n: usted puede oponerse al tratamiento de sus datos. Nosotros cumplimos con esto, a menos que existan motivos justificados para el procesamiento.<\/li>\n            <\/ul><p>Por favor, aseg\u00farese de indicar siempre claramente qui\u00e9n es usted, para que podamos estar seguros de que no modificamos o eliminamos ning\u00fan dato de la persona equivocada.<\/p><h2>8. Enviando una reclamaci\u00f3n<\/h2><p>Si no est\u00e1 satisfecho con la forma en que tratamos o procesamos sus datos personales, tiene derecho a presentar una queja a la Autoridad de protecci\u00f3n de datos.<\/p><h2>9. Datos de contacto<\/h2><p>Win d&#8217;Oz Consultoria e Inform\u00e1tica Ltda.<br \/>\n        Avenida Bar\u00e3o do Rio Branco, 2679<br \/>\n36.010-908<br \/>\nJuiz de Fora\/MG<br \/>\n        Brasil<br \/>\n        Web: <a href=\"https:\/\/mysupernews.com\/es\/\">https:\/\/mysupernews.com\/es\/<\/a> <br \/>\n        Correo electr\u00f3nico: <span class=\"cmplz-obfuscate\">&#105;nf&#111;@<span class=\"cmplz-fmail-domain\">ex.co&#109;<\/span>&#109;&#121;&#115;&#117;&#112;e&#114;&#110;e&#119;&#115;&#046;com<\/span> <br \/>\n        <\/p><h2>10. Solicitudes de Datos<\/h2><p>Para las solicitudes m\u00e1s frecuentes, tambi\u00e9n le ofrecemos la posibilidad de utilizar nuestro formulario de solicitud de datos<br \/>\t\t\t<div class=\"cmplz-datarequest cmplz-alert\">\n\t\t\t\t<span class=\"cmplz-close\">&times;<\/span>\n\t\t\t\t<span id=\"cmplz-message\"><\/span>\n\t\t\t<\/div>\n\t\t\t<form id=\"cmplz-datarequest-form\">\n\t\t\t\t<input type=\"hidden\" required value=\"eu\" name=\"cmplz_datarequest_region\" id=\"cmplz_datarequest_region\" >\n\n\t\t\t\t<label for=\"cmplz_datarequest_firstname\" class=\"cmplz-first-name\">Nombre\t\t\t\t\t<input type=\"search\" class=\"datarequest-firstname\" value=\"\" placeholder=\"your first name\" id=\"cmplz_datarequest_firstname\" name=\"cmplz_datarequest_firstname\" >\n\t\t\t\t<\/label>\n\t\t\t\t<div>\n\t\t\t\t\t<label for=\"cmplz_datarequest_name\">Nombre<\/label>\n\t\t\t\t\t<input type=\"text\" required value=\"\" placeholder=\"Tu nombre\" id=\"cmplz_datarequest_name\" name=\"cmplz_datarequest_name\">\n\t\t\t\t<\/div>\n\t\t\t\t<div>\n\t\t\t\t\t<label for=\"cmplz_datarequest_email\">Correo electr\u00f3nico<\/label>\n\t\t\t\t\t<input type=\"email\" required value=\"\" placeholder=\"email@email.com\" id=\"cmplz_datarequest_email\" name=\"cmplz_datarequest_email\">\n\t\t\t\t<\/div>\n\t\t\t\t\t\t\t\t\t\t<div class=\"cmplz_datarequest cmplz_datarequest_request_for_access\">\n\t\t\t\t\t\t\t<label for=\"cmplz_datarequest_request_for_access\">\n\t\t\t\t\t\t\t\t<input type=\"checkbox\" value=\"1\" name=\"cmplz_datarequest_request_for_access\" id=\"cmplz_datarequest_request_for_access\"\/>\n\t\t\t\t\t\t\t\tPresentar una solicitud de acceso a los datos que tratamos sobre usted.\t\t\t\t\t\t\t<\/label>\n\t\t\t\t\t\t<\/div>\n\t\t\t\t\t\t\t\t\t\t<div class=\"cmplz_datarequest cmplz_datarequest_right_to_be_forgotten\">\n\t\t\t\t\t\t\t<label for=\"cmplz_datarequest_right_to_be_forgotten\">\n\t\t\t\t\t\t\t\t<input type=\"checkbox\" value=\"1\" name=\"cmplz_datarequest_right_to_be_forgotten\" id=\"cmplz_datarequest_right_to_be_forgotten\"\/>\n\t\t\t\t\t\t\t\tPresentar una solicitud de supresi\u00f3n de los datos si ya no son pertinentes.\t\t\t\t\t\t\t<\/label>\n\t\t\t\t\t\t<\/div>\n\t\t\t\t\t\t\t\t\t\t<div class=\"cmplz_datarequest cmplz_datarequest_right_to_data_portability\">\n\t\t\t\t\t\t\t<label for=\"cmplz_datarequest_right_to_data_portability\">\n\t\t\t\t\t\t\t\t<input type=\"checkbox\" value=\"1\" name=\"cmplz_datarequest_right_to_data_portability\" id=\"cmplz_datarequest_right_to_data_portability\"\/>\n\t\t\t\t\t\t\t\tPresentar una solicitud para recibir un archivo de exportaci\u00f3n de los datos que tratamos sobre usted.\t\t\t\t\t\t\t<\/label>\n\t\t\t\t\t\t<\/div>\n\t\t\t\t\t\t\t\t<input type=\"button\" id=\"cmplz-datarequest-submit\"  value=\"Enviar\">\n\t\t\t<\/form>\n\n\t\t\t<style>\n\t\t\t\t\/* first-name is honeypot *\/\n\t\t\t\t.cmplz-first-name {\n\t\t\t\t\tposition: absolute !important;\n\t\t\t\t\tleft: -5000px !important;\n\t\t\t\t}\n\t\t\t<\/style>\n\t\t\t<\/p><h2>Anexo<\/h2><p><h3>WPML<\/h3>\r\nWPML uses cookies to identify the visitor\u2019s current language, the last visited language and the language of users who have logged in.\r\n\r\nWhile you use the plugin, WPML will share data regarding the site through Installer. No data from the user itself will be shared.\r\n<h3>WPML Media Translation<\/h3>\r\nWPML Media Translation will send the email address and name of each manager and assigned translator as well as the content itself to Advanced Translation Editor and to the translation services which are used.\r\n<h3>WPML Translation Management<\/h3>\r\nWPML Translation Management will send the email address and name of each manager and assigned translator as well as the content itself to Advanced Translation Editor and to the translation services which are used.\r\n<h3>WPML String Translation<\/h3>\r\nWPML String Translation will send all strings to WPML\u2019s Advanced Translation Editor and to the translation services which are used.\r\n<h3>Burst Statistics<\/h3>\r\nThis website uses Burst Statistics, a Privacy-Friendly Statistics Tool to analyze visitor behavior. For this functionality we (this website) collect anonymized data, stored locally without sharing it with other parties. For more information, please read the <a href=\"https:\/\/burst-statistics.com\/legal\/privacy-statement\/\" target=\"_blank\" rel=\"noopener\"> Privacy Statement <\/a> from Burst.\r\n<h3>Really Simple SSL<\/h3>\r\nReally Simple SSL and Really Simple SSL add-ons do not process any personal identifiable information, so the GDPR does not apply to these plugins or usage of these plugins on your website. You can find our privacy policy <a href=\"https:\/\/really-simple-ssl.com\/privacy-statement\/\" target=\"_blank\" rel=\"noopener\">here<\/a>.\r\n<h3>Complianz | The Privacy Suite for WordPress<\/h3>\r\nThis website uses the Privacy Suite for WordPress from Complianz to collect records of consent.\u00a0For this functionality your IP address is anonymized and stored in our database.\u00a0For more information, see the Complianz <a href=\"https:\/\/complianz.io\/privacy-statement\/\" target=\"_blank\" rel=\"noopener\">Privacy Statement<\/a>.\r\n<h3>Complianz | The Privacy Suite for WordPress<\/h3>\r\nThis website uses the Privacy Suite for WordPress from Complianz to collect records of consent.\u00a0For this functionality your IP address is anonymized and stored in our database.\u00a0For more information, see the Complianz <a href=\"https:\/\/complianz.io\/privacy-statement\/\" target=\"_blank\" rel=\"noopener\">Privacy Statement<\/a>.\r\n<h3>Really Simple SSL<\/h3>\r\nReally Simple SSL and Really Simple SSL add-ons do not process any personal identifiable information, so the GDPR does not apply to these plugins or usage of these plugins on your website. You can find our privacy policy <a href=\"https:\/\/really-simple-ssl.com\/privacy-statement\/\" target=\"_blank\" rel=\"noopener\">here<\/a>.\r\n<h3>Burst Statistics<\/h3>\r\nThis website uses Burst Statistics, a Privacy-Friendly Statistics Tool to analyze visitor behavior. For this functionality we (this website) collect anonymized data, stored locally without sharing it with other parties. For more information, please read the <a href=\"https:\/\/burst-statistics.com\/legal\/privacy-statement\/\" target=\"_blank\" rel=\"noopener\"> Privacy Statement <\/a> from Burst.\r\n<h3>WPML Translation Management<\/h3>\r\nWPML Translation Management will send the email address and name of each manager and assigned translator as well as the content itself to Advanced Translation Editor and to the translation services which are used.\r\n<h3>WPML Media Translation<\/h3>\r\nWPML Media Translation will send the email address and name of each manager and assigned translator as well as the content itself to Advanced Translation Editor and to the translation services which are used.\r\n<h3>WPML<\/h3>\r\nWPML uses cookies to identify the visitor\u2019s current language, the last visited language and the language of users who have logged in.\r\n\r\nWhile you use the plugin, WPML will share data regarding the site through Installer. No data from the user itself will be shared.\r\n<h3>WPML String Translation<\/h3>\r\nWPML String Translation will send all strings to WPML\u2019s Advanced Translation Editor and to the translation services which are used.\r\n<h3>Complianz | The Privacy Suite for WordPress<\/h3>\r\nThis website uses the Privacy Suite for WordPress from Complianz to collect records of consent.\u00a0For this functionality your IP address is anonymized and stored in our database.\u00a0For more information, see the Complianz <a href=\"https:\/\/complianz.io\/privacy-statement\/\" target=\"_blank\" rel=\"noopener\">Privacy Statement<\/a>.<\/p><\/div>","protected":false},"excerpt":{"rendered":"","protected":false},"author":1,"featured_media":0,"parent":0,"menu_order":0,"comment_status":"closed","ping_status":"closed","template":"","meta":{"MSN_Categories":"Uncategorized","MSN_Publish_Option":false,"MSN_Is_Local_News":false,"MSN_Is_AIAC_Included":"Empty","MSN_Location":"[]","MSN_Add_Feature_Img_On_Top_Of_Post":false,"MSN_Has_Custom_Author":false,"MSN_Custom_Author":"","MSN_Has_Custom_Canonical_Url":false,"MSN_Custom_Canonical_Url":"","footnotes":""},"class_list":["post-9419","page","type-page","status-publish","hentry"],"_links":{"self":[{"href":"https:\/\/mysupernews.com\/es\/wp-json\/wp\/v2\/pages\/9419","targetHints":{"allow":["GET"]}}],"collection":[{"href":"https:\/\/mysupernews.com\/es\/wp-json\/wp\/v2\/pages"}],"about":[{"href":"https:\/\/mysupernews.com\/es\/wp-json\/wp\/v2\/types\/page"}],"author":[{"embeddable":true,"href":"https:\/\/mysupernews.com\/es\/wp-json\/wp\/v2\/users\/1"}],"replies":[{"embeddable":true,"href":"https:\/\/mysupernews.com\/es\/wp-json\/wp\/v2\/comments?post=9419"}],"version-history":[{"count":0,"href":"https:\/\/mysupernews.com\/es\/wp-json\/wp\/v2\/pages\/9419\/revisions"}],"wp:attachment":[{"href":"https:\/\/mysupernews.com\/es\/wp-json\/wp\/v2\/media?parent=9419"}],"curies":[{"name":"wp","href":"https:\/\/api.w.org\/{rel}","templated":true}]}}