{"id":3857,"date":"2019-01-14T14:31:22","date_gmt":"2019-01-14T16:31:22","guid":{"rendered":"https:\/\/mysupernews.com\/?page_id=3857"},"modified":"2024-05-16T15:34:20","modified_gmt":"2024-05-16T18:34:20","slug":"sobre-nosotros","status":"publish","type":"page","link":"https:\/\/mysupernews.com\/es\/sobre-nosotros\/","title":{"rendered":"Sobre nosotros"},"content":{"rendered":"<div class=\"wpb-content-wrapper\">[vc_row][vc_column width=&#8221;2\/3&#8243;][vc_row_inner][vc_column_inner width=&#8221;1\/2&#8243;]\t<div id=\"thb-image-69d06e5bf2ff9\" class=\"caption-style1  aligncenter   thb_image_link wp-caption\">\n\t\t\t<div class=\"thb-image-inner size_100\">\n\t\t\t<img loading=\"lazy\" decoding=\"async\" width=\"300\" height=\"300\" src=\"https:\/\/mysupernews.com\/wp-content\/uploads\/2023\/03\/MSN_My_Super_News_Logo_black_rond-1-300x300.png\" class=\"thb_image   attachment-medium\" alt=\"\" title=\"MSN _My_Super_News_Logo_black_rond\" srcset=\"https:\/\/mysupernews.com\/wp-content\/uploads\/2023\/03\/MSN_My_Super_News_Logo_black_rond-1-300x300.png 300w, https:\/\/mysupernews.com\/wp-content\/uploads\/2023\/03\/MSN_My_Super_News_Logo_black_rond-1-150x150.png 150w, https:\/\/mysupernews.com\/wp-content\/uploads\/2023\/03\/MSN_My_Super_News_Logo_black_rond-1-180x180.png 180w, https:\/\/mysupernews.com\/wp-content\/uploads\/2023\/03\/MSN_My_Super_News_Logo_black_rond-1-90x90.png 90w, https:\/\/mysupernews.com\/wp-content\/uploads\/2023\/03\/MSN_My_Super_News_Logo_black_rond-1-20x20.png 20w, https:\/\/mysupernews.com\/wp-content\/uploads\/2023\/03\/MSN_My_Super_News_Logo_black_rond-1-48x48.png 48w\" sizes=\"auto, (max-width: 300px) 100vw, 300px\" \/>\t\t<\/div>\n\t\t\t\t\t<\/div>\n\t[vc_column_text]\n<h5><strong>\u00a1Todo en la vida se trata de ti!<\/strong><\/h5>\n[\/vc_column_text][vc_column_text]\n<h5><strong>C\u00f3mo decides vivirla es lo que har\u00e1 la diferencia.<\/strong><\/h5>\n[\/vc_column_text][\/vc_column_inner][vc_column_inner width=&#8221;1\/2&#8243;][vc_column_text]\n<h4><strong>Estamos aqu\u00ed para:<\/strong><\/h4>\n[\/vc_column_text]\t<div class=\"thb-iconlist \" id=\"thb-iconlist-69d06e5bf359e\">\n\t\t<ul>\n\t\t\t\t\t\t\t<li class=\"thb-iconlist-li \">\n\t\t\t\t\t<i class=\"fas fa-long-arrow-alt-right\"><\/i>\n\t\t\t\tEntretenerte.\t\t\t\t<\/li>\n\t\t\t\t\t\t\t<li class=\"thb-iconlist-li \">\n\t\t\t\t\t<i class=\"fas fa-long-arrow-alt-right\"><\/i>\n\t\t\t\tInspirarte a crecer.\t\t\t\t<\/li>\n\t\t\t\t\t\t\t<li class=\"thb-iconlist-li \">\n\t\t\t\t\t<i class=\"fas fa-long-arrow-alt-right\"><\/i>\n\t\t\t\tServir a aquellos que est\u00e1n listos para recibir buenas vibras.\t\t\t\t<\/li>\n\t\t\t\t\t\t\t<li class=\"thb-iconlist-li \">\n\t\t\t\t\t<i class=\"fas fa-long-arrow-alt-right\"><\/i>\n\t\t\t\tHablamos sobre estilo de vida\t\t\t\t<\/li>\n\t\t\t\t\t\t\t<li class=\"thb-iconlist-li \">\n\t\t\t\t\t<i class=\"fas fa-long-arrow-alt-right\"><\/i>\n\t\t\t\t te sugerimos nuevas formas de aprovechar tu tiempo al m\u00e1ximo.\t\t\t\t<\/li>\n\t\t\t\t\t\t\t<li class=\"thb-iconlist-li \">\n\t\t\t\t\t<i class=\"fas fa-long-arrow-alt-right\"><\/i>\n\t\t\t\tCompartimos nuestras mejores recetas.\t\t\t\t<\/li>\n\t\t\t\t\t\t\t<li class=\"thb-iconlist-li \">\n\t\t\t\t\t<i class=\"fas fa-long-arrow-alt-right\"><\/i>\n\t\t\t\tTe ayudamos a tener una mente sana en cuerpo sano.\t\t\t\t<\/li>\n\t\t\t\t\t\t\t<li class=\"thb-iconlist-li \">\n\t\t\t\t\t<i class=\"fas fa-long-arrow-alt-right\"><\/i>\n\t\t\t\tTambi\u00e9n te ense\u00f1aremos cosas \u00fatiles y que valgan tu tiempo.\t\t\t\t<\/li>\n\t\t\t\t\t\t\t<li class=\"thb-iconlist-li \">\n\t\t\t\t\t<i class=\"fas fa-long-arrow-alt-right\"><\/i>\n\t\t\t\tPromovemos el amor universal y la espiritualidad.\t\t\t\t<\/li>\n\t\t\t\t\t<\/ul>\n\t\t<style>\n\t\t\t\t\t\t\t\t<\/style>\n\t<\/div>\n\t[\/vc_column_inner][\/vc_row_inner][vc_empty_space height=&#8221;52px&#8221;][vc_empty_space height=&#8221;52px&#8221;]\t<div class=\"thb_title  style6  text-center\" id=\"thb-title-69d06e5bf3638\">\n\t<div class=\"thb_title_inner\">\n\t\t\t\t\t\t<h2>\u00bfQu\u00e9 es My Super News?<\/h2>\n\t\t\t\t\t<\/div>\n\t\t\t<\/div>\n\t[vc_column_text]\n<p class=\"p2\"><span class=\"s1\">My Super News est\u00e1 aqu\u00ed para entretener a las personas con contenido positivo, sencillo y \u00fatil para inspirar el desarrollo personal.<\/span><\/p>\n<p class=\"p2\"><span class=\"s1\">Queremos servir a aquellos que viven r\u00e1pido y aman profundamente; aquellos que siempre est\u00e1n listos para recibir nuevas y buenas vibraciones.<\/span><\/p>\n<p class=\"p2\"><span class=\"s1\">Sabemos que tu tiempo es importante, por eso estamos listos para sugerirte nuevas maneras de aprovecharlo.<\/span><\/p>\n[\/vc_column_text][vc_empty_space height=&#8221;52px&#8221;]\t<div class=\"thb_title  style6  text-center\" id=\"thb-title-69d06e5bf368c\">\n\t<div class=\"thb_title_inner\">\n\t\t\t\t\t\t<h2>Positivo, Simple, y \u00datil <\/h2>\n\t\t\t\t\t<\/div>\n\t\t\t<\/div>\n\t[vc_column_text]\n<p class=\"p2\"><span class=\"s1\">\u00a1Todo en la vida se trata de ti! C\u00f3mo decides vivirla es lo que har\u00e1 la diferencia.<span class=\"Apple-converted-space\"> <\/span><\/span><\/p>\n<p class=\"p2\"><span class=\"s1\">Nos encanta hablar sobre un mejor estilo de vida, comida saludable, una vida m\u00e1s consciente, curiosidades, espiritualidad, descubrimientos, y todo aquello que pueda inspirarte a vivir una vida mejor.<\/span><\/p>\n<p class=\"p2\"><span class=\"s1\">Te traemos contenido de confianza y de calidad de la parte de editores profesionales de todo el mundo.<\/span><\/p>\n[\/vc_column_text][vc_empty_space height=&#8221;52px&#8221;][vc_single_image image=&#8221;8821&#8243; img_size=&#8221;full&#8221; alignment=&#8221;center&#8221;][vc_empty_space height=&#8221;52px&#8221;]\t<div class=\"thb_title  style6  text-center\" id=\"thb-title-69d06e5bf36ce\">\n\t<div class=\"thb_title_inner\">\n\t\t\t\t\t\t<h2>Nuestro Equipo<\/h2>\n\t\t\t\t\t<\/div>\n\t\t\t<\/div>\n\t[vc_widget_sidebar sidebar_id=&#8221;custom_widgets&#8221;][\/vc_column][vc_column width=&#8221;1\/3&#8243;][vc_widget_sidebar sidebar_id=&#8221;page&#8221;][\/vc_column][\/vc_row][vc_row][vc_column width=&#8221;2\/3&#8243;][vc_empty_space height=&#8221;52px&#8221;]\t<div class=\"thb_title  style6  text-center\" id=\"thb-title-69d06e5bf3708\">\n\t<div class=\"thb_title_inner\">\n\t\t\t\t\t\t<h2>D\u00f3nde estamos<\/h2>\n\t\t\t\t\t<\/div>\n\t\t\t<\/div>\n\t[vc_column_text]\n<p class=\"p6\" style=\"text-align: left;\"><span class=\"s1\">Win d\u2019Oz Inform\u00e1tica Ltda.<\/span><span class=\"s1\"><span class=\"Apple-converted-space\"><br \/>\n<\/span><\/span><span class=\"s1\">Juiz de Fora &#8211; Minas Gerais &#8211; Brasil<br \/>\n\ud83c\udde7\ud83c\uddf7<\/span><\/p>\n<p class=\"p2\" style=\"text-align: left;\"><span class=\"s1\"><br \/>\nPara cualquier pregunta, colaboraci\u00f3n publicitaria, sugerencia o solicitud, puedes ponerte en contacto con nosotros por medio del siguiente formulario.<\/span><\/p>\n<p class=\"p1\" style=\"text-align: left;\"><a href=\"mailto:%20info@mysupernews.com\"><span class=\"s1\">[<span class=\"s2\">Contacto<\/span>]<\/span><\/a><\/p>\n[\/vc_column_text][\/vc_column][vc_column width=&#8221;1\/3&#8243;][\/vc_column][\/vc_row][vc_row][vc_column][vc_empty_space][vc_empty_space]\t<div class=\"thb_title  style6  text-center\" id=\"thb-title-69d06e5bf3740\">\n\t<div class=\"thb_title_inner\">\n\t\t\t\t\t\t<h2>COLABORADORES<\/h2>\n\t\t\t\t\t<\/div>\n\t\t\t<\/div>\n\t[\/vc_column][\/vc_row][vc_row][vc_column width=&#8221;1\/4&#8243;]\t<div id=\"thb-image-69d06e5bf3782\" class=\"caption-style1  aligncenter   thb_image_link wp-caption\">\n\t\t\t<a class=\"\" href=\"https:\/\/confidentielles.com\/\" target=\"_blank\" title=\"Confidentielles\" data-thb-group=\"\">\n\t\t\t<div class=\"thb-image-inner size_100\">\n\t\t\t<img loading=\"lazy\" decoding=\"async\" width=\"150\" height=\"150\" src=\"https:\/\/mysupernews.com\/wp-content\/uploads\/2023\/04\/avatar_confidentielles-1-150x150.png\" class=\"thb_image   attachment-thumbnail\" alt=\"\" title=\"avatar_confidentielles\" \/>\t\t<\/div>\n\t\t\t<\/a>\n\t\t\t\t\t<\/div>\n\t[\/vc_column][vc_column width=&#8221;1\/4&#8243;]\t<div id=\"thb-image-69d06e5bf3c68\" class=\"caption-style1  aligncenter   thb_image_link wp-caption\">\n\t\t\t<a class=\"\" href=\"https:\/\/www.facebook.com\/theCatSocietyOfficial\/\" target=\"_blank\" title=\"The Cat Society - English\" data-thb-group=\"\">\n\t\t\t<div class=\"thb-image-inner size_100\">\n\t\t\t<img loading=\"lazy\" decoding=\"async\" width=\"150\" height=\"150\" src=\"https:\/\/mysupernews.com\/wp-content\/uploads\/2023\/04\/Avatar_TheCatSociety-1-150x150.png\" class=\"thb_image   attachment-thumbnail\" alt=\"\" title=\"Avatar_TheCatSociety\" srcset=\"https:\/\/mysupernews.com\/wp-content\/uploads\/2023\/04\/Avatar_TheCatSociety-1-150x150.png 150w, https:\/\/mysupernews.com\/wp-content\/uploads\/2023\/04\/Avatar_TheCatSociety-1-90x90.png 90w, https:\/\/mysupernews.com\/wp-content\/uploads\/2023\/04\/Avatar_TheCatSociety-1-20x20.png 20w, https:\/\/mysupernews.com\/wp-content\/uploads\/2023\/04\/Avatar_TheCatSociety-1-48x48.png 48w\" sizes=\"auto, (max-width: 150px) 100vw, 150px\" \/>\t\t<\/div>\n\t\t\t<\/a>\n\t\t\t\t\t<\/div>\n\t[\/vc_column][vc_column width=&#8221;1\/4&#8243;]\t<div id=\"thb-image-69d06e5bf4153\" class=\"caption-style1  aligncenter   thb_image_link wp-caption\">\n\t\t\t<a class=\"\" href=\"https:\/\/www.facebook.com\/TheDiscoveristOfficial\/\" target=\"_blank\" title=\"Tha Discoverist - English\" data-thb-group=\"\">\n\t\t\t<div class=\"thb-image-inner size_100\">\n\t\t\t<img loading=\"lazy\" decoding=\"async\" width=\"150\" height=\"150\" src=\"https:\/\/mysupernews.com\/wp-content\/uploads\/2023\/04\/Avatar_TheDiscoverist_v3-150x150.png\" class=\"thb_image   attachment-thumbnail\" alt=\"\" title=\"Avatar_TheDiscoverist_v3\" srcset=\"https:\/\/mysupernews.com\/wp-content\/uploads\/2023\/04\/Avatar_TheDiscoverist_v3-150x150.png 150w, https:\/\/mysupernews.com\/wp-content\/uploads\/2023\/04\/Avatar_TheDiscoverist_v3-90x90.png 90w, https:\/\/mysupernews.com\/wp-content\/uploads\/2023\/04\/Avatar_TheDiscoverist_v3-20x20.png 20w, https:\/\/mysupernews.com\/wp-content\/uploads\/2023\/04\/Avatar_TheDiscoverist_v3-48x48.png 48w\" sizes=\"auto, (max-width: 150px) 100vw, 150px\" \/>\t\t<\/div>\n\t\t\t<\/a>\n\t\t\t\t\t<\/div>\n\t[\/vc_column][vc_column width=&#8221;1\/4&#8243;]\t<div id=\"thb-image-69d06e5c003da\" class=\"caption-style1  aligncenter   thb_image_link wp-caption\">\n\t\t\t<a class=\"\" href=\"https:\/\/www.facebook.com\/JunggleMujer\/\" target=\"_blank\" title=\"Junggle Mujer\" data-thb-group=\"\">\n\t\t\t<div class=\"thb-image-inner size_100\">\n\t\t\t<img loading=\"lazy\" decoding=\"async\" width=\"150\" height=\"150\" src=\"https:\/\/mysupernews.com\/wp-content\/uploads\/2023\/04\/Avatar_GoJunggle_v2-150x150.png\" class=\"thb_image   attachment-thumbnail\" alt=\"\" title=\"Avatar_GoJunggle_v2\" srcset=\"https:\/\/mysupernews.com\/wp-content\/uploads\/2023\/04\/Avatar_GoJunggle_v2-150x150.png 150w, https:\/\/mysupernews.com\/wp-content\/uploads\/2023\/04\/Avatar_GoJunggle_v2-90x90.png 90w, https:\/\/mysupernews.com\/wp-content\/uploads\/2023\/04\/Avatar_GoJunggle_v2-20x20.png 20w, https:\/\/mysupernews.com\/wp-content\/uploads\/2023\/04\/Avatar_GoJunggle_v2-48x48.png 48w\" sizes=\"auto, (max-width: 150px) 100vw, 150px\" \/>\t\t<\/div>\n\t\t\t<\/a>\n\t\t\t\t\t<\/div>\n\t[\/vc_column][\/vc_row]\n<\/div>","protected":false},"excerpt":{"rendered":"<p>[vc_row][vc_column width=&#8221;2\/3&#8243;][vc_row_inner][vc_column_inner width=&#8221;1\/2&#8243;][vc_column_text] \u00a1Todo en la vida se trata de ti! [\/vc_column_text][vc_column_text] C\u00f3mo decides vivirla es lo que har\u00e1 la diferencia. [\/vc_column_text][\/vc_column_inner][vc_column_inner width=&#8221;1\/2&#8243;][vc_column_text] Estamos aqu\u00ed para: [\/vc_column_text][\/vc_column_inner][\/vc_row_inner][vc_empty_space height=&#8221;52px&#8221;][vc_empty_space height=&#8221;52px&#8221;][vc_column_text] My Super News est\u00e1 aqu\u00ed para entretener a las personas con contenido positivo, sencillo y \u00fatil para inspirar el desarrollo personal. Queremos servir a aquellos que&hellip;<\/p>\n","protected":false},"author":1,"featured_media":0,"parent":0,"menu_order":0,"comment_status":"closed","ping_status":"closed","template":"","meta":{"MSN_Categories":"Uncategorized","MSN_Publish_Option":false,"MSN_Is_Local_News":false,"MSN_Is_AIAC_Included":"Empty","MSN_Location":"[]","MSN_Add_Feature_Img_On_Top_Of_Post":false,"MSN_Has_Custom_Author":false,"MSN_Custom_Author":"","MSN_Has_Custom_Canonical_Url":false,"MSN_Custom_Canonical_Url":"","footnotes":""},"class_list":["post-3857","page","type-page","status-publish","hentry"],"_links":{"self":[{"href":"https:\/\/mysupernews.com\/es\/wp-json\/wp\/v2\/pages\/3857","targetHints":{"allow":["GET"]}}],"collection":[{"href":"https:\/\/mysupernews.com\/es\/wp-json\/wp\/v2\/pages"}],"about":[{"href":"https:\/\/mysupernews.com\/es\/wp-json\/wp\/v2\/types\/page"}],"author":[{"embeddable":true,"href":"https:\/\/mysupernews.com\/es\/wp-json\/wp\/v2\/users\/1"}],"replies":[{"embeddable":true,"href":"https:\/\/mysupernews.com\/es\/wp-json\/wp\/v2\/comments?post=3857"}],"version-history":[{"count":0,"href":"https:\/\/mysupernews.com\/es\/wp-json\/wp\/v2\/pages\/3857\/revisions"}],"wp:attachment":[{"href":"https:\/\/mysupernews.com\/es\/wp-json\/wp\/v2\/media?parent=3857"}],"curies":[{"name":"wp","href":"https:\/\/api.w.org\/{rel}","templated":true}]}}